{"id":376,"date":"2016-12-02T14:40:52","date_gmt":"2016-12-02T13:40:52","guid":{"rendered":"http:\/\/hvg.blitskikker.nl\/fr\/?page_id=376"},"modified":"2021-10-12T11:59:54","modified_gmt":"2021-10-12T09:59:54","slug":"faq","status":"publish","type":"page","link":"https:\/\/hotelvangelder.nl\/fr\/faq\/","title":{"rendered":"FAQ"},"content":{"rendered":"<p><strong>Comment puis-je modifier ou annuler ma r\u00e9servation ?<br \/>\n<\/strong>Apr\u00e8s avoir fait une r\u00e9servation, vous pouvez contacter notre h\u00f4tel directement si vous souhaitez modifier ou annuler votre r\u00e9servation. Selon les conditions, certaines r\u00e9servations peuvent \u00e9galement \u00eatre annul\u00e9es en ligne, dans ce cas, vous trouverez des instructions sur la confirmation de r\u00e9servation.<\/p>\n<p>Votre carte de cr\u00e9dit ne sera pas d\u00e9bit\u00e9e, elle sera uniquement utilis\u00e9e pour garantir votre r\u00e9servation. Pour annuler votre r\u00e9servation vous devez la confirmer au minimum 1 jour avant votre arriv\u00e9e. Notez, s\u2019il vous plait, que le jour de votre arriv\u00e9e commence \u00e0 0.00 heure(s). Pour toutes les r\u00e9servations qui ne sont pas annul\u00e9es au moins 1 jour avant votre arriv\u00e9e, la totalit\u00e9 de la premi\u00e8re nuit\u00e9e vous sera d\u00e9bit\u00e9e. En cas de non-pr\u00e9sentation,la totalit\u00e9 de la premi\u00e8re nuit\u00e9e vous sera d\u00e9bit\u00e9e.<\/p>\n<p><strong>Y a-t-il une connexion WI-FI disponible dans l\u2019h\u00f4tel ?<\/strong><br \/>\nIl y a WIFI dans l\u2019h\u00f4tel.<\/p>\n<p><strong>Y a-t-il un ordinateur public disponible pour les Clients de l\u2019h\u00f4tel \u00e0 la r\u00e9ception ?<\/strong><br \/>\nNon, il n\u2019y a pas un ordinateur public. \u00c0 la r\u00e9ception, ils peuvent imprimer boardingpasses et billets pour vous.<\/p>\n<p><strong>Y a-t-il des serviettes dans la salle ?<\/strong><br \/>\nOui, sur toutes les chambres il y a 2 serviettes par personne, ce qui peut \u00eatre chang\u00e9 tous les jours si n\u00e9cessaire.<\/p>\n<p><strong>Existe-t-il un s\u00e8che-cheveux dans la salle ?<\/strong><br \/>\nNon pas dans la chambre, mais sur demande, vous pouvez emprunter un s\u00e8che-cheveux \u00e0 la r\u00e9ception sans aucun co\u00fbt suppl\u00e9mentaire.<\/p>\n<p><strong>Existe-t-il un fer plat dans la chambre ?<\/strong><br \/>\nNon pas dans la chambre, mais sur demande, vous pouvez emprunter un fer \u00e0 la r\u00e9ception sans aucun co\u00fbt suppl\u00e9mentaire.<\/p>\n<p><strong>L\u2019h\u00f4tel dispose de un pick up service disponible de l\u2019a\u00e9roport?<\/strong><br \/>\nNon, de l\u2019a\u00e9roport, il est tr\u00e8s facile de prendre le train jusqu&rsquo;\u00e0 la gare centrale qui est \u00e0 5 minutes de l\u2019h\u00f4tel.<\/p>\n<p><strong>Animaux de compagnie est admis dans l\u2019h\u00f4tel ?<\/strong><br \/>\nAnimaux de compagnie n\u2019est pas autoris\u00e9s dans l\u2019h\u00f4tel<\/p>\n<p><strong>Peut-on fumer dans l\u2019h\u00f4tel ?<\/strong><br \/>\nnon, toutes les chambres sont non-fumeurs.<\/p>\n<p><strong>L\u2019h\u00f4tel a-t-il un lit b\u00e9b\u00e9 ou des lits d\u2019appoint disponibles pour dans la salle ?<\/strong><br \/>\nQui. \u00c0 un suppl\u00e9ment par nuit nous pouvons sur demande mettre un lit b\u00e9b\u00e9 dans la chambre et \/ ou si les chambres permet l\u2019utilisation d\u2019une lit d\u2019appoint.<\/p>\n<p><strong>L\u2019h\u00f4tel est adapt\u00e9 aux personnes handicap\u00e9es ?<\/strong><br \/>\nNo. Il n\u2019y a pas un ascenseur dans l\u2019h\u00f4tel et l\u2019h\u00f4tel est bas\u00e9 sur le 1er \u00e9tage. Pensez \u00e0 voies mesures, aucun r\u00e9glage sp\u00e9cial sur les chambres, les couloirs \u00e9troits et les escaliers.<\/p>\n","protected":false},"excerpt":{"rendered":"<p>Comment puis-je modifier ou annuler ma r\u00e9servation ? Apr\u00e8s avoir fait une r\u00e9servation, vous pouvez contacter notre h\u00f4tel directement si vous souhaitez modifier ou annuler votre r\u00e9servation. Selon les conditions, certaines r\u00e9servations peuvent \u00e9galement \u00eatre annul\u00e9es en ligne, dans ce cas, vous trouverez des instructions sur la confirmation de r\u00e9servation. Votre carte de cr\u00e9dit ne [&hellip;]<\/p>\n","protected":false},"author":1,"featured_media":0,"parent":0,"menu_order":0,"comment_status":"closed","ping_status":"closed","template":"","meta":{"_acf_changed":false,"footnotes":""},"class_list":["post-376","page","type-page","status-publish","hentry"],"acf":[],"yoast_head":"<!-- This site is optimized with the Yoast SEO plugin v26.8 - https:\/\/yoast.com\/product\/yoast-seo-wordpress\/ -->\n<title>FAQ | Hotel van Gelder<\/title>\n<meta name=\"robots\" content=\"index, follow, max-snippet:-1, max-image-preview:large, max-video-preview:-1\" \/>\n<link rel=\"canonical\" href=\"https:\/\/hotelvangelder.nl\/fr\/faq\/\" \/>\n<meta property=\"og:locale\" content=\"fr_FR\" \/>\n<meta property=\"og:type\" content=\"article\" \/>\n<meta property=\"og:title\" content=\"FAQ | Hotel van Gelder\" \/>\n<meta property=\"og:description\" content=\"Comment puis-je modifier ou annuler ma r\u00e9servation ? Apr\u00e8s avoir fait une r\u00e9servation, vous pouvez contacter notre h\u00f4tel directement si vous souhaitez modifier ou annuler votre r\u00e9servation. Selon les conditions, certaines r\u00e9servations peuvent \u00e9galement \u00eatre annul\u00e9es en ligne, dans ce cas, vous trouverez des instructions sur la confirmation de r\u00e9servation. Votre carte de cr\u00e9dit ne [&hellip;]\" \/>\n<meta property=\"og:url\" content=\"https:\/\/hotelvangelder.nl\/fr\/faq\/\" \/>\n<meta property=\"og:site_name\" content=\"Hotel van Gelder\" \/>\n<meta property=\"article:modified_time\" content=\"2021-10-12T09:59:54+00:00\" \/>\n<meta name=\"twitter:card\" content=\"summary_large_image\" \/>\n<meta name=\"twitter:label1\" content=\"Dur\u00e9e de lecture estim\u00e9e\" \/>\n\t<meta name=\"twitter:data1\" content=\"2 minutes\" \/>\n<script type=\"application\/ld+json\" class=\"yoast-schema-graph\">{\"@context\":\"https:\/\/schema.org\",\"@graph\":[{\"@type\":\"WebPage\",\"@id\":\"https:\/\/hotelvangelder.nl\/fr\/faq\/\",\"url\":\"https:\/\/hotelvangelder.nl\/fr\/faq\/\",\"name\":\"FAQ | Hotel van Gelder\",\"isPartOf\":{\"@id\":\"https:\/\/hotelvangelder.nl\/#website\"},\"datePublished\":\"2016-12-02T13:40:52+00:00\",\"dateModified\":\"2021-10-12T09:59:54+00:00\",\"breadcrumb\":{\"@id\":\"https:\/\/hotelvangelder.nl\/fr\/faq\/#breadcrumb\"},\"inLanguage\":\"fr-FR\",\"potentialAction\":[{\"@type\":\"ReadAction\",\"target\":[\"https:\/\/hotelvangelder.nl\/fr\/faq\/\"]}]},{\"@type\":\"BreadcrumbList\",\"@id\":\"https:\/\/hotelvangelder.nl\/fr\/faq\/#breadcrumb\",\"itemListElement\":[{\"@type\":\"ListItem\",\"position\":1,\"name\":\"Home\",\"item\":\"https:\/\/hotelvangelder.nl\/fr\/\"},{\"@type\":\"ListItem\",\"position\":2,\"name\":\"FAQ\"}]},{\"@type\":\"WebSite\",\"@id\":\"https:\/\/hotelvangelder.nl\/#website\",\"url\":\"https:\/\/hotelvangelder.nl\/\",\"name\":\"Hotel van Gelder\",\"description\":\"En nog een WordPress site\",\"potentialAction\":[{\"@type\":\"SearchAction\",\"target\":{\"@type\":\"EntryPoint\",\"urlTemplate\":\"https:\/\/hotelvangelder.nl\/?s={search_term_string}\"},\"query-input\":{\"@type\":\"PropertyValueSpecification\",\"valueRequired\":true,\"valueName\":\"search_term_string\"}}],\"inLanguage\":\"fr-FR\"}]}<\/script>\n<!-- \/ Yoast SEO plugin. -->","yoast_head_json":{"title":"FAQ | Hotel van Gelder","robots":{"index":"index","follow":"follow","max-snippet":"max-snippet:-1","max-image-preview":"max-image-preview:large","max-video-preview":"max-video-preview:-1"},"canonical":"https:\/\/hotelvangelder.nl\/fr\/faq\/","og_locale":"fr_FR","og_type":"article","og_title":"FAQ | Hotel van Gelder","og_description":"Comment puis-je modifier ou annuler ma r\u00e9servation ? Apr\u00e8s avoir fait une r\u00e9servation, vous pouvez contacter notre h\u00f4tel directement si vous souhaitez modifier ou annuler votre r\u00e9servation. Selon les conditions, certaines r\u00e9servations peuvent \u00e9galement \u00eatre annul\u00e9es en ligne, dans ce cas, vous trouverez des instructions sur la confirmation de r\u00e9servation. Votre carte de cr\u00e9dit ne [&hellip;]","og_url":"https:\/\/hotelvangelder.nl\/fr\/faq\/","og_site_name":"Hotel van Gelder","article_modified_time":"2021-10-12T09:59:54+00:00","twitter_card":"summary_large_image","twitter_misc":{"Dur\u00e9e de lecture estim\u00e9e":"2 minutes"},"schema":{"@context":"https:\/\/schema.org","@graph":[{"@type":"WebPage","@id":"https:\/\/hotelvangelder.nl\/fr\/faq\/","url":"https:\/\/hotelvangelder.nl\/fr\/faq\/","name":"FAQ | Hotel van Gelder","isPartOf":{"@id":"https:\/\/hotelvangelder.nl\/#website"},"datePublished":"2016-12-02T13:40:52+00:00","dateModified":"2021-10-12T09:59:54+00:00","breadcrumb":{"@id":"https:\/\/hotelvangelder.nl\/fr\/faq\/#breadcrumb"},"inLanguage":"fr-FR","potentialAction":[{"@type":"ReadAction","target":["https:\/\/hotelvangelder.nl\/fr\/faq\/"]}]},{"@type":"BreadcrumbList","@id":"https:\/\/hotelvangelder.nl\/fr\/faq\/#breadcrumb","itemListElement":[{"@type":"ListItem","position":1,"name":"Home","item":"https:\/\/hotelvangelder.nl\/fr\/"},{"@type":"ListItem","position":2,"name":"FAQ"}]},{"@type":"WebSite","@id":"https:\/\/hotelvangelder.nl\/#website","url":"https:\/\/hotelvangelder.nl\/","name":"Hotel van Gelder","description":"En nog een WordPress site","potentialAction":[{"@type":"SearchAction","target":{"@type":"EntryPoint","urlTemplate":"https:\/\/hotelvangelder.nl\/?s={search_term_string}"},"query-input":{"@type":"PropertyValueSpecification","valueRequired":true,"valueName":"search_term_string"}}],"inLanguage":"fr-FR"}]}},"_links":{"self":[{"href":"https:\/\/hotelvangelder.nl\/fr\/wp-json\/wp\/v2\/pages\/376","targetHints":{"allow":["GET"]}}],"collection":[{"href":"https:\/\/hotelvangelder.nl\/fr\/wp-json\/wp\/v2\/pages"}],"about":[{"href":"https:\/\/hotelvangelder.nl\/fr\/wp-json\/wp\/v2\/types\/page"}],"author":[{"embeddable":true,"href":"https:\/\/hotelvangelder.nl\/fr\/wp-json\/wp\/v2\/users\/1"}],"replies":[{"embeddable":true,"href":"https:\/\/hotelvangelder.nl\/fr\/wp-json\/wp\/v2\/comments?post=376"}],"version-history":[{"count":5,"href":"https:\/\/hotelvangelder.nl\/fr\/wp-json\/wp\/v2\/pages\/376\/revisions"}],"predecessor-version":[{"id":882,"href":"https:\/\/hotelvangelder.nl\/fr\/wp-json\/wp\/v2\/pages\/376\/revisions\/882"}],"wp:attachment":[{"href":"https:\/\/hotelvangelder.nl\/fr\/wp-json\/wp\/v2\/media?parent=376"}],"curies":[{"name":"wp","href":"https:\/\/api.w.org\/{rel}","templated":true}]}}