{"id":239,"date":"2016-11-28T11:35:40","date_gmt":"2016-11-28T10:35:40","guid":{"rendered":"http:\/\/hvg.blitskikker.nl\/?page_id=239"},"modified":"2021-10-12T12:25:49","modified_gmt":"2021-10-12T10:25:49","slug":"hotel-van-gelder","status":"publish","type":"page","link":"https:\/\/hotelvangelder.nl\/fr\/hotel-van-gelder\/","title":{"rendered":"Hotel van Gelder"},"content":{"rendered":"<p>H\u00f4tel van Gelder est un h\u00f4tel familial confortable situ\u00e9 dans le Centre d\u2019Amsterdam. Le train vous apporte dans les 15 minutes de l\u2019a\u00e9roport au Centre. L\u2019h\u00f4tel garantit une atmosph\u00e8re personnelle, accueil amical et attentionn\u00e9, chambres confortables propre et bonnes \u00e9quipement pour un prix attractif. Quelques minutes vous serez entre les restaurants, les magasins et les divertissements.<\/p>\n<h2>Chambres<\/h2>\n<p>Hotel van Gelder poss\u00e8de 32 chambres meubl\u00e9es avec go\u00fbt. Toutes les chambres comprennent une salle de bain priv\u00e9e et sont \u00e9galement \u00e9quip\u00e9s d\u2019une t\u00e9l\u00e9vision, un t\u00e9l\u00e9phone et un coffre-fort,\u00a0 ouverte 24 heures par jour, et il y a un bar confortable pour les clients.<\/p>\n<h2>Nourriture et boissons<\/h2>\n<p>Il n\u2019y a aucune possibilit\u00e9 de petit d\u00e9jeuner,\u00a0 d\u00e9jeuner ou le d\u00eener, mais \u00e0 proximit\u00e9 de l\u2019h\u00f4tel il y a plus qu\u2019assez bars et restaurant \u00e0 votre disposition. Le bar de l\u2019h\u00f4tel est ouvert jusqu\u2019\u00e0 23 h 30.<\/p>\n<h2>Equipements de l\u2019h\u00f4tel<\/h2>\n<p>Confortable bar<br \/>\nCoffre-fort \u00e0 la r\u00e9ception<br \/>\nLa r\u00e9ception est ouverte 24 heures<br \/>\nGratuit Wi-Fi \u00e0 la r\u00e9ception<br \/>\nT\u00e9l\u00e9vision<br \/>\nT\u00e9l\u00e9phone<br \/>\nFax<br \/>\nChambres confortables et tr\u00e8s propre<br \/>\nBureau d\u2019excursions 50 m\u00e8tres de l\u2019h\u00f4tel \u00e0 explorer \u00e0 Amsterdam et des environs<\/p>\n<h2>AMSTERDAM<\/h2>\n<p>Amsterdam est citer souvent la plus color\u00e9e ville dans le monde. Et \u00e0 juste titre ! O\u00f9 ailleurs vous trouverez beaucoup d\u2019attractions, de mus\u00e9es c\u00e9l\u00e8bres, accueillant des pubs, des boutiques dr\u00f4le et des march\u00e9s. La ville est riche en culture et l\u2019histoire avec des attractions populaires.<\/p>\n<p>Vous pouvez jouir de th\u00e9\u00e2tre, musique, art moderne et historique, festivals et spectacles de rue. Parce que le Centre est construit concentr\u00e9e, vous pouvez compacter tout \u00e0 pied. Avec plus de 1000 canaux et ponts, architecture attrayante et d\u2019innombrables caf\u00e9s et bars pour se d\u00e9tendre, Amsterdam vous offre plus qu\u2019assez attractions \u00e0 pied. Si vous \u00eates fatigu\u00e9, c\u2019est le r\u00e9seau de transports publics sont une bonne alternative.<\/p>\n<p>Mais certainement nous recommandons \u00e0 Amsterdam une fois \u00e0 explorer \u00e0 v\u00e9lo, de bateau de canaux ou el p\u00e9dalo. Les plus beaux panoramas \u00eatre vu de l\u2019eau. Les bateaux de canaux arr\u00eater en face de l\u2019h\u00f4tel. Sous l\u2019h\u00f4tel est \u00e9galement un bureau de voyages &amp; tour o\u00f9 vous pouvez r\u00e9server toutes sortes d\u2019excursions \u00e0 Amsterdam ou \u00e0 des localit\u00e9s int\u00e9ressants et de curiosit\u00e9s dans les Pays-Bas. Les bus s\u2019arr\u00eatent dans la rue en face de l\u2019h\u00f4tel. Une des choses que vous devez certainement faire si vous \u00eates \u00e0 Amsterdam, visite les plus beaux mus\u00e9es. Amsterdam et ses mus\u00e9es sont \u00e9lev\u00e9es sur le classement des attractions populaires, y compris le Rijksmus\u00e9e, le Mus\u00e9e Van Gogh et Anne Frank House.<\/p>\n","protected":false},"excerpt":{"rendered":"<p>H\u00f4tel van Gelder est un h\u00f4tel familial confortable situ\u00e9 dans le Centre d\u2019Amsterdam. Le train vous apporte dans les 15 minutes de l\u2019a\u00e9roport au Centre. L\u2019h\u00f4tel garantit une atmosph\u00e8re personnelle, accueil amical et attentionn\u00e9, chambres confortables propre et bonnes \u00e9quipement pour un prix attractif. Quelques minutes vous serez entre les restaurants, les magasins et les [&hellip;]<\/p>\n","protected":false},"author":1,"featured_media":0,"parent":0,"menu_order":0,"comment_status":"closed","ping_status":"closed","template":"","meta":{"_acf_changed":false,"footnotes":""},"class_list":["post-239","page","type-page","status-publish","hentry"],"acf":[],"yoast_head":"<!-- This site is optimized with the Yoast SEO plugin v26.8 - https:\/\/yoast.com\/product\/yoast-seo-wordpress\/ -->\n<title>Hotel van Gelder | Hotel van Gelder<\/title>\n<meta name=\"robots\" content=\"index, follow, max-snippet:-1, max-image-preview:large, max-video-preview:-1\" \/>\n<link rel=\"canonical\" href=\"https:\/\/hotelvangelder.nl\/fr\/hotel-van-gelder\/\" \/>\n<meta property=\"og:locale\" content=\"fr_FR\" \/>\n<meta property=\"og:type\" content=\"article\" \/>\n<meta property=\"og:title\" content=\"Hotel van Gelder | Hotel van Gelder\" \/>\n<meta property=\"og:description\" content=\"H\u00f4tel van Gelder est un h\u00f4tel familial confortable situ\u00e9 dans le Centre d\u2019Amsterdam. Le train vous apporte dans les 15 minutes de l\u2019a\u00e9roport au Centre. L\u2019h\u00f4tel garantit une atmosph\u00e8re personnelle, accueil amical et attentionn\u00e9, chambres confortables propre et bonnes \u00e9quipement pour un prix attractif. Quelques minutes vous serez entre les restaurants, les magasins et les [&hellip;]\" \/>\n<meta property=\"og:url\" content=\"https:\/\/hotelvangelder.nl\/fr\/hotel-van-gelder\/\" \/>\n<meta property=\"og:site_name\" content=\"Hotel van Gelder\" \/>\n<meta property=\"article:modified_time\" content=\"2021-10-12T10:25:49+00:00\" \/>\n<meta name=\"twitter:card\" content=\"summary_large_image\" \/>\n<meta name=\"twitter:label1\" content=\"Dur\u00e9e de lecture estim\u00e9e\" \/>\n\t<meta name=\"twitter:data1\" content=\"2 minutes\" \/>\n<script type=\"application\/ld+json\" class=\"yoast-schema-graph\">{\"@context\":\"https:\/\/schema.org\",\"@graph\":[{\"@type\":\"WebPage\",\"@id\":\"https:\/\/hotelvangelder.nl\/fr\/hotel-van-gelder\/\",\"url\":\"https:\/\/hotelvangelder.nl\/fr\/hotel-van-gelder\/\",\"name\":\"Hotel van Gelder | Hotel van Gelder\",\"isPartOf\":{\"@id\":\"https:\/\/hotelvangelder.nl\/#website\"},\"datePublished\":\"2016-11-28T10:35:40+00:00\",\"dateModified\":\"2021-10-12T10:25:49+00:00\",\"breadcrumb\":{\"@id\":\"https:\/\/hotelvangelder.nl\/fr\/hotel-van-gelder\/#breadcrumb\"},\"inLanguage\":\"fr-FR\",\"potentialAction\":[{\"@type\":\"ReadAction\",\"target\":[\"https:\/\/hotelvangelder.nl\/fr\/hotel-van-gelder\/\"]}]},{\"@type\":\"BreadcrumbList\",\"@id\":\"https:\/\/hotelvangelder.nl\/fr\/hotel-van-gelder\/#breadcrumb\",\"itemListElement\":[{\"@type\":\"ListItem\",\"position\":1,\"name\":\"Home\",\"item\":\"https:\/\/hotelvangelder.nl\/fr\/\"},{\"@type\":\"ListItem\",\"position\":2,\"name\":\"Hotel van Gelder\"}]},{\"@type\":\"WebSite\",\"@id\":\"https:\/\/hotelvangelder.nl\/#website\",\"url\":\"https:\/\/hotelvangelder.nl\/\",\"name\":\"Hotel van Gelder\",\"description\":\"En nog een WordPress site\",\"potentialAction\":[{\"@type\":\"SearchAction\",\"target\":{\"@type\":\"EntryPoint\",\"urlTemplate\":\"https:\/\/hotelvangelder.nl\/?s={search_term_string}\"},\"query-input\":{\"@type\":\"PropertyValueSpecification\",\"valueRequired\":true,\"valueName\":\"search_term_string\"}}],\"inLanguage\":\"fr-FR\"}]}<\/script>\n<!-- \/ Yoast SEO plugin. -->","yoast_head_json":{"title":"Hotel van Gelder | Hotel van Gelder","robots":{"index":"index","follow":"follow","max-snippet":"max-snippet:-1","max-image-preview":"max-image-preview:large","max-video-preview":"max-video-preview:-1"},"canonical":"https:\/\/hotelvangelder.nl\/fr\/hotel-van-gelder\/","og_locale":"fr_FR","og_type":"article","og_title":"Hotel van Gelder | Hotel van Gelder","og_description":"H\u00f4tel van Gelder est un h\u00f4tel familial confortable situ\u00e9 dans le Centre d\u2019Amsterdam. Le train vous apporte dans les 15 minutes de l\u2019a\u00e9roport au Centre. L\u2019h\u00f4tel garantit une atmosph\u00e8re personnelle, accueil amical et attentionn\u00e9, chambres confortables propre et bonnes \u00e9quipement pour un prix attractif. Quelques minutes vous serez entre les restaurants, les magasins et les [&hellip;]","og_url":"https:\/\/hotelvangelder.nl\/fr\/hotel-van-gelder\/","og_site_name":"Hotel van Gelder","article_modified_time":"2021-10-12T10:25:49+00:00","twitter_card":"summary_large_image","twitter_misc":{"Dur\u00e9e de lecture estim\u00e9e":"2 minutes"},"schema":{"@context":"https:\/\/schema.org","@graph":[{"@type":"WebPage","@id":"https:\/\/hotelvangelder.nl\/fr\/hotel-van-gelder\/","url":"https:\/\/hotelvangelder.nl\/fr\/hotel-van-gelder\/","name":"Hotel van Gelder | Hotel van Gelder","isPartOf":{"@id":"https:\/\/hotelvangelder.nl\/#website"},"datePublished":"2016-11-28T10:35:40+00:00","dateModified":"2021-10-12T10:25:49+00:00","breadcrumb":{"@id":"https:\/\/hotelvangelder.nl\/fr\/hotel-van-gelder\/#breadcrumb"},"inLanguage":"fr-FR","potentialAction":[{"@type":"ReadAction","target":["https:\/\/hotelvangelder.nl\/fr\/hotel-van-gelder\/"]}]},{"@type":"BreadcrumbList","@id":"https:\/\/hotelvangelder.nl\/fr\/hotel-van-gelder\/#breadcrumb","itemListElement":[{"@type":"ListItem","position":1,"name":"Home","item":"https:\/\/hotelvangelder.nl\/fr\/"},{"@type":"ListItem","position":2,"name":"Hotel van Gelder"}]},{"@type":"WebSite","@id":"https:\/\/hotelvangelder.nl\/#website","url":"https:\/\/hotelvangelder.nl\/","name":"Hotel van Gelder","description":"En nog een WordPress site","potentialAction":[{"@type":"SearchAction","target":{"@type":"EntryPoint","urlTemplate":"https:\/\/hotelvangelder.nl\/?s={search_term_string}"},"query-input":{"@type":"PropertyValueSpecification","valueRequired":true,"valueName":"search_term_string"}}],"inLanguage":"fr-FR"}]}},"_links":{"self":[{"href":"https:\/\/hotelvangelder.nl\/fr\/wp-json\/wp\/v2\/pages\/239","targetHints":{"allow":["GET"]}}],"collection":[{"href":"https:\/\/hotelvangelder.nl\/fr\/wp-json\/wp\/v2\/pages"}],"about":[{"href":"https:\/\/hotelvangelder.nl\/fr\/wp-json\/wp\/v2\/types\/page"}],"author":[{"embeddable":true,"href":"https:\/\/hotelvangelder.nl\/fr\/wp-json\/wp\/v2\/users\/1"}],"replies":[{"embeddable":true,"href":"https:\/\/hotelvangelder.nl\/fr\/wp-json\/wp\/v2\/comments?post=239"}],"version-history":[{"count":6,"href":"https:\/\/hotelvangelder.nl\/fr\/wp-json\/wp\/v2\/pages\/239\/revisions"}],"predecessor-version":[{"id":890,"href":"https:\/\/hotelvangelder.nl\/fr\/wp-json\/wp\/v2\/pages\/239\/revisions\/890"}],"wp:attachment":[{"href":"https:\/\/hotelvangelder.nl\/fr\/wp-json\/wp\/v2\/media?parent=239"}],"curies":[{"name":"wp","href":"https:\/\/api.w.org\/{rel}","templated":true}]}}