{"id":220,"date":"2016-11-28T11:29:52","date_gmt":"2016-11-28T10:29:52","guid":{"rendered":"http:\/\/hvg.blitskikker.nl\/?page_id=220"},"modified":"2025-05-19T15:47:24","modified_gmt":"2025-05-19T13:47:24","slug":"startpagina-frans","status":"publish","type":"page","link":"https:\/\/hotelvangelder.nl\/fr\/","title":{"rendered":"Startpagina (Frans)"},"content":{"rendered":"","protected":false},"excerpt":{"rendered":"","protected":false},"author":1,"featured_media":0,"parent":0,"menu_order":0,"comment_status":"closed","ping_status":"closed","template":"homepage.php","meta":{"_acf_changed":false,"footnotes":""},"class_list":["post-220","page","type-page","status-publish","hentry"],"acf":[],"yoast_head":"<!-- This site is optimized with the Yoast SEO plugin v26.8 - https:\/\/yoast.com\/product\/yoast-seo-wordpress\/ -->\n<title>| Hotel van Gelder | H\u00f4tel en plein centre d\u2019Amsterdam<\/title>\n<meta name=\"description\" content=\"Chambres propres et confortables Situ\u00e9 | \u00e0 5 minutes de la gare centrale et \u00e0 distance de marche de toutes les attractions\" \/>\n<meta name=\"robots\" content=\"index, follow, max-snippet:-1, max-image-preview:large, max-video-preview:-1\" \/>\n<link rel=\"canonical\" href=\"https:\/\/hotelvangelder.nl\/fr\/\" \/>\n<meta property=\"og:locale\" content=\"fr_FR\" \/>\n<meta property=\"og:type\" content=\"article\" \/>\n<meta property=\"og:title\" content=\"| Hotel van Gelder | H\u00f4tel en plein centre d\u2019Amsterdam\" \/>\n<meta property=\"og:description\" content=\"Chambres propres et confortables Situ\u00e9 | \u00e0 5 minutes de la gare centrale et \u00e0 distance de marche de toutes les attractions\" \/>\n<meta property=\"og:url\" content=\"https:\/\/hotelvangelder.nl\/fr\/\" \/>\n<meta property=\"og:site_name\" content=\"Hotel van Gelder\" \/>\n<meta property=\"article:modified_time\" content=\"2025-05-19T13:47:24+00:00\" \/>\n<meta name=\"twitter:card\" content=\"summary_large_image\" \/>\n<script type=\"application\/ld+json\" class=\"yoast-schema-graph\">{\"@context\":\"https:\/\/schema.org\",\"@graph\":[{\"@type\":\"WebPage\",\"@id\":\"https:\/\/hotelvangelder.nl\/fr\/\",\"url\":\"https:\/\/hotelvangelder.nl\/fr\/\",\"name\":\"| Hotel van Gelder | H\u00f4tel en plein centre d\u2019Amsterdam\",\"isPartOf\":{\"@id\":\"https:\/\/hotelvangelder.nl\/#website\"},\"datePublished\":\"2016-11-28T10:29:52+00:00\",\"dateModified\":\"2025-05-19T13:47:24+00:00\",\"description\":\"Chambres propres et confortables Situ\u00e9 | \u00e0 5 minutes de la gare centrale et \u00e0 distance de marche de toutes les attractions\",\"breadcrumb\":{\"@id\":\"https:\/\/hotelvangelder.nl\/fr\/#breadcrumb\"},\"inLanguage\":\"fr-FR\",\"potentialAction\":[{\"@type\":\"ReadAction\",\"target\":[\"https:\/\/hotelvangelder.nl\/fr\/\"]}]},{\"@type\":\"BreadcrumbList\",\"@id\":\"https:\/\/hotelvangelder.nl\/fr\/#breadcrumb\",\"itemListElement\":[{\"@type\":\"ListItem\",\"position\":1,\"name\":\"Home\",\"item\":\"https:\/\/hotelvangelder.nl\/fr\/\"},{\"@type\":\"ListItem\",\"position\":2,\"name\":\"Startpagina (Frans)\"}]},{\"@type\":\"WebSite\",\"@id\":\"https:\/\/hotelvangelder.nl\/#website\",\"url\":\"https:\/\/hotelvangelder.nl\/\",\"name\":\"Hotel van Gelder\",\"description\":\"En nog een WordPress site\",\"potentialAction\":[{\"@type\":\"SearchAction\",\"target\":{\"@type\":\"EntryPoint\",\"urlTemplate\":\"https:\/\/hotelvangelder.nl\/?s={search_term_string}\"},\"query-input\":{\"@type\":\"PropertyValueSpecification\",\"valueRequired\":true,\"valueName\":\"search_term_string\"}}],\"inLanguage\":\"fr-FR\"}]}<\/script>\n<!-- \/ Yoast SEO plugin. -->","yoast_head_json":{"title":"| Hotel van Gelder | H\u00f4tel en plein centre d\u2019Amsterdam","description":"Chambres propres et confortables Situ\u00e9 | \u00e0 5 minutes de la gare centrale et \u00e0 distance de marche de toutes les attractions","robots":{"index":"index","follow":"follow","max-snippet":"max-snippet:-1","max-image-preview":"max-image-preview:large","max-video-preview":"max-video-preview:-1"},"canonical":"https:\/\/hotelvangelder.nl\/fr\/","og_locale":"fr_FR","og_type":"article","og_title":"| Hotel van Gelder | H\u00f4tel en plein centre d\u2019Amsterdam","og_description":"Chambres propres et confortables Situ\u00e9 | \u00e0 5 minutes de la gare centrale et \u00e0 distance de marche de toutes les attractions","og_url":"https:\/\/hotelvangelder.nl\/fr\/","og_site_name":"Hotel van Gelder","article_modified_time":"2025-05-19T13:47:24+00:00","twitter_card":"summary_large_image","schema":{"@context":"https:\/\/schema.org","@graph":[{"@type":"WebPage","@id":"https:\/\/hotelvangelder.nl\/fr\/","url":"https:\/\/hotelvangelder.nl\/fr\/","name":"| Hotel van Gelder | H\u00f4tel en plein centre d\u2019Amsterdam","isPartOf":{"@id":"https:\/\/hotelvangelder.nl\/#website"},"datePublished":"2016-11-28T10:29:52+00:00","dateModified":"2025-05-19T13:47:24+00:00","description":"Chambres propres et confortables Situ\u00e9 | \u00e0 5 minutes de la gare centrale et \u00e0 distance de marche de toutes les attractions","breadcrumb":{"@id":"https:\/\/hotelvangelder.nl\/fr\/#breadcrumb"},"inLanguage":"fr-FR","potentialAction":[{"@type":"ReadAction","target":["https:\/\/hotelvangelder.nl\/fr\/"]}]},{"@type":"BreadcrumbList","@id":"https:\/\/hotelvangelder.nl\/fr\/#breadcrumb","itemListElement":[{"@type":"ListItem","position":1,"name":"Home","item":"https:\/\/hotelvangelder.nl\/fr\/"},{"@type":"ListItem","position":2,"name":"Startpagina (Frans)"}]},{"@type":"WebSite","@id":"https:\/\/hotelvangelder.nl\/#website","url":"https:\/\/hotelvangelder.nl\/","name":"Hotel van Gelder","description":"En nog een WordPress site","potentialAction":[{"@type":"SearchAction","target":{"@type":"EntryPoint","urlTemplate":"https:\/\/hotelvangelder.nl\/?s={search_term_string}"},"query-input":{"@type":"PropertyValueSpecification","valueRequired":true,"valueName":"search_term_string"}}],"inLanguage":"fr-FR"}]}},"_links":{"self":[{"href":"https:\/\/hotelvangelder.nl\/fr\/wp-json\/wp\/v2\/pages\/220","targetHints":{"allow":["GET"]}}],"collection":[{"href":"https:\/\/hotelvangelder.nl\/fr\/wp-json\/wp\/v2\/pages"}],"about":[{"href":"https:\/\/hotelvangelder.nl\/fr\/wp-json\/wp\/v2\/types\/page"}],"author":[{"embeddable":true,"href":"https:\/\/hotelvangelder.nl\/fr\/wp-json\/wp\/v2\/users\/1"}],"replies":[{"embeddable":true,"href":"https:\/\/hotelvangelder.nl\/fr\/wp-json\/wp\/v2\/comments?post=220"}],"version-history":[{"count":22,"href":"https:\/\/hotelvangelder.nl\/fr\/wp-json\/wp\/v2\/pages\/220\/revisions"}],"predecessor-version":[{"id":1397,"href":"https:\/\/hotelvangelder.nl\/fr\/wp-json\/wp\/v2\/pages\/220\/revisions\/1397"}],"wp:attachment":[{"href":"https:\/\/hotelvangelder.nl\/fr\/wp-json\/wp\/v2\/media?parent=220"}],"curies":[{"name":"wp","href":"https:\/\/api.w.org\/{rel}","templated":true}]}}