{"id":204,"date":"2016-11-28T10:35:18","date_gmt":"2016-11-28T09:35:18","guid":{"rendered":"http:\/\/hvg.blitskikker.nl\/?page_id=204"},"modified":"2025-04-19T11:03:37","modified_gmt":"2025-04-19T09:03:37","slug":"location","status":"publish","type":"page","link":"https:\/\/hotelvangelder.nl\/fr\/location\/","title":{"rendered":"Location"},"content":{"rendered":"<p>H\u00f4tel van Gelder se trouve sur le Damrak 34 dans le Centre d\u2019Amsterdam. Dans les environs de l\u2019h\u00f4tel y a beaucoup \u00e0 voir et \u00e0 faire. Vous pouvez fair tout \u00e0 pied. De l\u2019h\u00f4tel, vous pouvez marcher dans les 5 minutes jusqu&rsquo;\u00e0 la gare central, le Dam, la maison Anne Frank, le Quartier des Mus\u00e9es avec le Rijksmuseum et le mus\u00e9e Van Gogh, le Red Light District et Les 9 Rues\u2019. Ce quartier si unique et typique d\u00e9borde de boutiques de cr\u00e9ateurs et vintage, de magasins sp\u00e9cialis\u00e9s et de caf\u00e9s chaleureux. Les bateaux de canaux arr\u00eater en face de l\u2019h\u00f4tel. Sous l\u2019h\u00f4tel est \u00e9galement un bureau de voyages &amp; tour o\u00f9 vous pouvez r\u00e9server toutes sortes d\u2019excursions \u00e0 Amsterdam ou \u00e0 des localit\u00e9s int\u00e9ressants et de curiosit\u00e9s dans les Pays-Bas. Les bus s\u2019arr\u00eatent dans la rue en face de l\u2019h\u00f4tel.<\/p>\n<h2>De l\u2019a\u00e9roport<\/h2>\n<p>A\u00e9roport d\u2019Amsterdam Schiphol, plus grand a\u00e9roport de l\u2019Europe, est votre porte d\u2019entr\u00e9e \u00e0 Amsterdam. Le train de l\u2019a\u00e9roport \u00e0 la gare centrale d\u2019Amsterdam est une mani\u00e8re confortable de transport. La station est clairement indiqu\u00e9e sur l\u2019a\u00e9roport et situ\u00e9 centralement situ\u00e9 sur la Plaza de Schiphol. Les billets de train \u00e0 la gare centrale d\u2019Amsterdam (un voyage unique de 2e classe est environ de 4 euros) peuvent facilement \u00eatre achet\u00e9s avec une carte de cr\u00e9dit pour le machines de billet\u00e9s ou vous pouvez acheter un billet \u00e0 la NS billetteries. Si vous \u00eates arriv\u00e9 \u00e0 Amsterdam CS, vous quitterez la station via la sortie principale. Avec vous dos \u00e0 la station que vous pouvez marcher directement dans la rue centrale, la Damrak. Passer le pont, traverser la rue aux feux sur et vous \u00eates maintenant sur la Damrak, rue plus centrale d\u2019Amsterdam, les minutes de l\u2019h\u00f4tel van Gelder. La marche est d\u2019environ 250 m\u00e8tres. Marche tout le droite et H\u00f4tel van Gelder se trouv\u00e9 au num\u00e9ro 34 (max. 5 minutes).<\/p>\n<h2>Parking<\/h2>\n<p>\u00ab\u00a0Vous venez en voiture ? Gr\u00e2ce \u00e0 notre collaboration avec Q-Park, vous pouvez vous garer \u00e0 moindre co\u00fbt au Q-Park Nieuwendijk, \u00e0 2 minutes \u00e0 pied de l&rsquo;h\u00f4tel. Il est n\u00e9cessaire de r\u00e9server \u00e0 l&rsquo;avance. Via notre site web, vous r\u00e9servez cette offre de stationnement par jour (24 heures). Vous pouvez ainsi vous garer \u00e0 proximit\u00e9 de l&rsquo;h\u00f4tel, \u00eatre s\u00fbr d&rsquo;avoir une place de parking et \u00e9viter de devoir passer aux caisses apr\u00e8s. L&rsquo;entr\u00e9e et la sortie sont faciles, gr\u00e2ce au num\u00e9ro de la plaque d&rsquo;immatriculation. R\u00e9servez votre place de parking <a href=\"https:\/\/www.q-park.nl\/nl-nl\/parkeren\/amsterdam\/ams-hotel-van-gelder\/?utm_source=hiddendeal&amp;utm_medium=organic&amp;utm_campaign=vangelder&amp;utm_term=hotel\">ici!<\/a><\/p>\n<h2>Taxi<\/h2>\n<p>Un taxi de l&rsquo;a\u00e9roport \u00e0 l&rsquo;h\u00f4tel co\u00fbte environ 60 euros.<\/p>\n<p>&nbsp;<\/p>\n","protected":false},"excerpt":{"rendered":"<p>H\u00f4tel van Gelder se trouve sur le Damrak 34 dans le Centre d\u2019Amsterdam. Dans les environs de l\u2019h\u00f4tel y a beaucoup \u00e0 voir et \u00e0 faire. Vous pouvez fair tout \u00e0 pied. De l\u2019h\u00f4tel, vous pouvez marcher dans les 5 minutes jusqu&rsquo;\u00e0 la gare central, le Dam, la maison Anne Frank, le Quartier des Mus\u00e9es [&hellip;]<\/p>\n","protected":false},"author":1,"featured_media":0,"parent":0,"menu_order":0,"comment_status":"closed","ping_status":"closed","template":"","meta":{"_acf_changed":false,"footnotes":""},"class_list":["post-204","page","type-page","status-publish","hentry"],"acf":[],"yoast_head":"<!-- This site is optimized with the Yoast SEO plugin v26.8 - https:\/\/yoast.com\/product\/yoast-seo-wordpress\/ -->\n<title>Location | Hotel van Gelder<\/title>\n<meta name=\"robots\" content=\"index, follow, max-snippet:-1, max-image-preview:large, max-video-preview:-1\" \/>\n<link rel=\"canonical\" href=\"https:\/\/hotelvangelder.nl\/fr\/location\/\" \/>\n<meta property=\"og:locale\" content=\"fr_FR\" \/>\n<meta property=\"og:type\" content=\"article\" \/>\n<meta property=\"og:title\" content=\"Location | Hotel van Gelder\" \/>\n<meta property=\"og:description\" content=\"H\u00f4tel van Gelder se trouve sur le Damrak 34 dans le Centre d\u2019Amsterdam. Dans les environs de l\u2019h\u00f4tel y a beaucoup \u00e0 voir et \u00e0 faire. Vous pouvez fair tout \u00e0 pied. De l\u2019h\u00f4tel, vous pouvez marcher dans les 5 minutes jusqu&rsquo;\u00e0 la gare central, le Dam, la maison Anne Frank, le Quartier des Mus\u00e9es [&hellip;]\" \/>\n<meta property=\"og:url\" content=\"https:\/\/hotelvangelder.nl\/fr\/location\/\" \/>\n<meta property=\"og:site_name\" content=\"Hotel van Gelder\" \/>\n<meta property=\"article:modified_time\" content=\"2025-04-19T09:03:37+00:00\" \/>\n<meta name=\"twitter:card\" content=\"summary_large_image\" \/>\n<meta name=\"twitter:label1\" content=\"Dur\u00e9e de lecture estim\u00e9e\" \/>\n\t<meta name=\"twitter:data1\" content=\"3 minutes\" \/>\n<script type=\"application\/ld+json\" class=\"yoast-schema-graph\">{\"@context\":\"https:\/\/schema.org\",\"@graph\":[{\"@type\":\"WebPage\",\"@id\":\"https:\/\/hotelvangelder.nl\/fr\/location\/\",\"url\":\"https:\/\/hotelvangelder.nl\/fr\/location\/\",\"name\":\"Location | Hotel van Gelder\",\"isPartOf\":{\"@id\":\"https:\/\/hotelvangelder.nl\/#website\"},\"datePublished\":\"2016-11-28T09:35:18+00:00\",\"dateModified\":\"2025-04-19T09:03:37+00:00\",\"breadcrumb\":{\"@id\":\"https:\/\/hotelvangelder.nl\/fr\/location\/#breadcrumb\"},\"inLanguage\":\"fr-FR\",\"potentialAction\":[{\"@type\":\"ReadAction\",\"target\":[\"https:\/\/hotelvangelder.nl\/fr\/location\/\"]}]},{\"@type\":\"BreadcrumbList\",\"@id\":\"https:\/\/hotelvangelder.nl\/fr\/location\/#breadcrumb\",\"itemListElement\":[{\"@type\":\"ListItem\",\"position\":1,\"name\":\"Home\",\"item\":\"https:\/\/hotelvangelder.nl\/fr\/\"},{\"@type\":\"ListItem\",\"position\":2,\"name\":\"Location\"}]},{\"@type\":\"WebSite\",\"@id\":\"https:\/\/hotelvangelder.nl\/#website\",\"url\":\"https:\/\/hotelvangelder.nl\/\",\"name\":\"Hotel van Gelder\",\"description\":\"En nog een WordPress site\",\"potentialAction\":[{\"@type\":\"SearchAction\",\"target\":{\"@type\":\"EntryPoint\",\"urlTemplate\":\"https:\/\/hotelvangelder.nl\/?s={search_term_string}\"},\"query-input\":{\"@type\":\"PropertyValueSpecification\",\"valueRequired\":true,\"valueName\":\"search_term_string\"}}],\"inLanguage\":\"fr-FR\"}]}<\/script>\n<!-- \/ Yoast SEO plugin. -->","yoast_head_json":{"title":"Location | Hotel van Gelder","robots":{"index":"index","follow":"follow","max-snippet":"max-snippet:-1","max-image-preview":"max-image-preview:large","max-video-preview":"max-video-preview:-1"},"canonical":"https:\/\/hotelvangelder.nl\/fr\/location\/","og_locale":"fr_FR","og_type":"article","og_title":"Location | Hotel van Gelder","og_description":"H\u00f4tel van Gelder se trouve sur le Damrak 34 dans le Centre d\u2019Amsterdam. Dans les environs de l\u2019h\u00f4tel y a beaucoup \u00e0 voir et \u00e0 faire. Vous pouvez fair tout \u00e0 pied. De l\u2019h\u00f4tel, vous pouvez marcher dans les 5 minutes jusqu&rsquo;\u00e0 la gare central, le Dam, la maison Anne Frank, le Quartier des Mus\u00e9es [&hellip;]","og_url":"https:\/\/hotelvangelder.nl\/fr\/location\/","og_site_name":"Hotel van Gelder","article_modified_time":"2025-04-19T09:03:37+00:00","twitter_card":"summary_large_image","twitter_misc":{"Dur\u00e9e de lecture estim\u00e9e":"3 minutes"},"schema":{"@context":"https:\/\/schema.org","@graph":[{"@type":"WebPage","@id":"https:\/\/hotelvangelder.nl\/fr\/location\/","url":"https:\/\/hotelvangelder.nl\/fr\/location\/","name":"Location | Hotel van Gelder","isPartOf":{"@id":"https:\/\/hotelvangelder.nl\/#website"},"datePublished":"2016-11-28T09:35:18+00:00","dateModified":"2025-04-19T09:03:37+00:00","breadcrumb":{"@id":"https:\/\/hotelvangelder.nl\/fr\/location\/#breadcrumb"},"inLanguage":"fr-FR","potentialAction":[{"@type":"ReadAction","target":["https:\/\/hotelvangelder.nl\/fr\/location\/"]}]},{"@type":"BreadcrumbList","@id":"https:\/\/hotelvangelder.nl\/fr\/location\/#breadcrumb","itemListElement":[{"@type":"ListItem","position":1,"name":"Home","item":"https:\/\/hotelvangelder.nl\/fr\/"},{"@type":"ListItem","position":2,"name":"Location"}]},{"@type":"WebSite","@id":"https:\/\/hotelvangelder.nl\/#website","url":"https:\/\/hotelvangelder.nl\/","name":"Hotel van Gelder","description":"En nog een WordPress site","potentialAction":[{"@type":"SearchAction","target":{"@type":"EntryPoint","urlTemplate":"https:\/\/hotelvangelder.nl\/?s={search_term_string}"},"query-input":{"@type":"PropertyValueSpecification","valueRequired":true,"valueName":"search_term_string"}}],"inLanguage":"fr-FR"}]}},"_links":{"self":[{"href":"https:\/\/hotelvangelder.nl\/fr\/wp-json\/wp\/v2\/pages\/204","targetHints":{"allow":["GET"]}}],"collection":[{"href":"https:\/\/hotelvangelder.nl\/fr\/wp-json\/wp\/v2\/pages"}],"about":[{"href":"https:\/\/hotelvangelder.nl\/fr\/wp-json\/wp\/v2\/types\/page"}],"author":[{"embeddable":true,"href":"https:\/\/hotelvangelder.nl\/fr\/wp-json\/wp\/v2\/users\/1"}],"replies":[{"embeddable":true,"href":"https:\/\/hotelvangelder.nl\/fr\/wp-json\/wp\/v2\/comments?post=204"}],"version-history":[{"count":6,"href":"https:\/\/hotelvangelder.nl\/fr\/wp-json\/wp\/v2\/pages\/204\/revisions"}],"predecessor-version":[{"id":672,"href":"https:\/\/hotelvangelder.nl\/fr\/wp-json\/wp\/v2\/pages\/204\/revisions\/672"}],"wp:attachment":[{"href":"https:\/\/hotelvangelder.nl\/fr\/wp-json\/wp\/v2\/media?parent=204"}],"curies":[{"name":"wp","href":"https:\/\/api.w.org\/{rel}","templated":true}]}}