{"id":200,"date":"2016-11-28T10:31:00","date_gmt":"2016-11-28T09:31:00","guid":{"rendered":"http:\/\/hvg.blitskikker.nl\/?page_id=200"},"modified":"2021-10-12T12:05:38","modified_gmt":"2021-10-12T10:05:38","slug":"equipements-de-lhotel","status":"publish","type":"page","link":"https:\/\/hotelvangelder.nl\/fr\/equipements-de-lhotel\/","title":{"rendered":"Equipements de l\u2019h\u00f4tel"},"content":{"rendered":"<ul>\n<li class=\"p1\">Bar 07:00 &#8211; 24:00 pm<\/li>\n<li class=\"p1\">Chambre service de nettoyage 08:00 &#8211; 12:30pm<\/li>\n<li class=\"p1\">La r\u00e9ception est ouverte 24 heures<\/li>\n<li class=\"p1\">Gratuit Wi-Fi<\/li>\n<li class=\"p1\">T\u00e9l\u00e9vision<\/li>\n<li class=\"p1\">T\u00e9l\u00e9phone<\/li>\n<li class=\"p1\">Service de r\u00e9veil<\/li>\n<li class=\"p1\">S\u00e8che-cheveux et fer disponible \u00e0 la r\u00e9ception<\/li>\n<li class=\"p1\">Coffre-fort dans la chambre<\/li>\n<li>Ticketservice<\/li>\n<li class=\"p1\">Bureau d\u2019excursions 50 m\u00e8tres de l\u2019h\u00f4tel \u00e0 explorer \u00e0 Amsterdam et des environs<\/li>\n<\/ul>\n","protected":false},"excerpt":{"rendered":"<p>Bar 07:00 &#8211; 24:00 pm Chambre service de nettoyage 08:00 &#8211; 12:30pm La r\u00e9ception est ouverte 24 heures Gratuit Wi-Fi T\u00e9l\u00e9vision T\u00e9l\u00e9phone Service de r\u00e9veil S\u00e8che-cheveux et fer disponible \u00e0 la r\u00e9ception Coffre-fort dans la chambre Ticketservice Bureau d\u2019excursions 50 m\u00e8tres de l\u2019h\u00f4tel \u00e0 explorer \u00e0 Amsterdam et des environs<\/p>\n","protected":false},"author":1,"featured_media":0,"parent":0,"menu_order":0,"comment_status":"closed","ping_status":"closed","template":"","meta":{"_acf_changed":false,"footnotes":""},"class_list":["post-200","page","type-page","status-publish","hentry"],"acf":[],"yoast_head":"<!-- This site is optimized with the Yoast SEO plugin v26.8 - https:\/\/yoast.com\/product\/yoast-seo-wordpress\/ -->\n<title>Equipements de l\u2019h\u00f4tel | Hotel van Gelder<\/title>\n<meta name=\"robots\" content=\"index, follow, max-snippet:-1, max-image-preview:large, max-video-preview:-1\" \/>\n<link rel=\"canonical\" href=\"https:\/\/hotelvangelder.nl\/fr\/equipements-de-lhotel\/\" \/>\n<meta property=\"og:locale\" content=\"fr_FR\" \/>\n<meta property=\"og:type\" content=\"article\" \/>\n<meta property=\"og:title\" content=\"Equipements de l\u2019h\u00f4tel | Hotel van Gelder\" \/>\n<meta property=\"og:description\" content=\"Bar 07:00 &#8211; 24:00 pm Chambre service de nettoyage 08:00 &#8211; 12:30pm La r\u00e9ception est ouverte 24 heures Gratuit Wi-Fi T\u00e9l\u00e9vision T\u00e9l\u00e9phone Service de r\u00e9veil S\u00e8che-cheveux et fer disponible \u00e0 la r\u00e9ception Coffre-fort dans la chambre Ticketservice Bureau d\u2019excursions 50 m\u00e8tres de l\u2019h\u00f4tel \u00e0 explorer \u00e0 Amsterdam et des environs\" \/>\n<meta property=\"og:url\" content=\"https:\/\/hotelvangelder.nl\/fr\/equipements-de-lhotel\/\" \/>\n<meta property=\"og:site_name\" content=\"Hotel van Gelder\" \/>\n<meta property=\"article:modified_time\" content=\"2021-10-12T10:05:38+00:00\" \/>\n<meta name=\"twitter:card\" content=\"summary_large_image\" \/>\n<meta name=\"twitter:label1\" content=\"Dur\u00e9e de lecture estim\u00e9e\" \/>\n\t<meta name=\"twitter:data1\" content=\"1 minute\" \/>\n<script type=\"application\/ld+json\" class=\"yoast-schema-graph\">{\"@context\":\"https:\/\/schema.org\",\"@graph\":[{\"@type\":\"WebPage\",\"@id\":\"https:\/\/hotelvangelder.nl\/fr\/equipements-de-lhotel\/\",\"url\":\"https:\/\/hotelvangelder.nl\/fr\/equipements-de-lhotel\/\",\"name\":\"Equipements de l\u2019h\u00f4tel | Hotel van Gelder\",\"isPartOf\":{\"@id\":\"https:\/\/hotelvangelder.nl\/#website\"},\"datePublished\":\"2016-11-28T09:31:00+00:00\",\"dateModified\":\"2021-10-12T10:05:38+00:00\",\"breadcrumb\":{\"@id\":\"https:\/\/hotelvangelder.nl\/fr\/equipements-de-lhotel\/#breadcrumb\"},\"inLanguage\":\"fr-FR\",\"potentialAction\":[{\"@type\":\"ReadAction\",\"target\":[\"https:\/\/hotelvangelder.nl\/fr\/equipements-de-lhotel\/\"]}]},{\"@type\":\"BreadcrumbList\",\"@id\":\"https:\/\/hotelvangelder.nl\/fr\/equipements-de-lhotel\/#breadcrumb\",\"itemListElement\":[{\"@type\":\"ListItem\",\"position\":1,\"name\":\"Home\",\"item\":\"https:\/\/hotelvangelder.nl\/fr\/\"},{\"@type\":\"ListItem\",\"position\":2,\"name\":\"Equipements de l\u2019h\u00f4tel\"}]},{\"@type\":\"WebSite\",\"@id\":\"https:\/\/hotelvangelder.nl\/#website\",\"url\":\"https:\/\/hotelvangelder.nl\/\",\"name\":\"Hotel van Gelder\",\"description\":\"En nog een WordPress site\",\"potentialAction\":[{\"@type\":\"SearchAction\",\"target\":{\"@type\":\"EntryPoint\",\"urlTemplate\":\"https:\/\/hotelvangelder.nl\/?s={search_term_string}\"},\"query-input\":{\"@type\":\"PropertyValueSpecification\",\"valueRequired\":true,\"valueName\":\"search_term_string\"}}],\"inLanguage\":\"fr-FR\"}]}<\/script>\n<!-- \/ Yoast SEO plugin. -->","yoast_head_json":{"title":"Equipements de l\u2019h\u00f4tel | Hotel van Gelder","robots":{"index":"index","follow":"follow","max-snippet":"max-snippet:-1","max-image-preview":"max-image-preview:large","max-video-preview":"max-video-preview:-1"},"canonical":"https:\/\/hotelvangelder.nl\/fr\/equipements-de-lhotel\/","og_locale":"fr_FR","og_type":"article","og_title":"Equipements de l\u2019h\u00f4tel | Hotel van Gelder","og_description":"Bar 07:00 &#8211; 24:00 pm Chambre service de nettoyage 08:00 &#8211; 12:30pm La r\u00e9ception est ouverte 24 heures Gratuit Wi-Fi T\u00e9l\u00e9vision T\u00e9l\u00e9phone Service de r\u00e9veil S\u00e8che-cheveux et fer disponible \u00e0 la r\u00e9ception Coffre-fort dans la chambre Ticketservice Bureau d\u2019excursions 50 m\u00e8tres de l\u2019h\u00f4tel \u00e0 explorer \u00e0 Amsterdam et des environs","og_url":"https:\/\/hotelvangelder.nl\/fr\/equipements-de-lhotel\/","og_site_name":"Hotel van Gelder","article_modified_time":"2021-10-12T10:05:38+00:00","twitter_card":"summary_large_image","twitter_misc":{"Dur\u00e9e de lecture estim\u00e9e":"1 minute"},"schema":{"@context":"https:\/\/schema.org","@graph":[{"@type":"WebPage","@id":"https:\/\/hotelvangelder.nl\/fr\/equipements-de-lhotel\/","url":"https:\/\/hotelvangelder.nl\/fr\/equipements-de-lhotel\/","name":"Equipements de l\u2019h\u00f4tel | Hotel van Gelder","isPartOf":{"@id":"https:\/\/hotelvangelder.nl\/#website"},"datePublished":"2016-11-28T09:31:00+00:00","dateModified":"2021-10-12T10:05:38+00:00","breadcrumb":{"@id":"https:\/\/hotelvangelder.nl\/fr\/equipements-de-lhotel\/#breadcrumb"},"inLanguage":"fr-FR","potentialAction":[{"@type":"ReadAction","target":["https:\/\/hotelvangelder.nl\/fr\/equipements-de-lhotel\/"]}]},{"@type":"BreadcrumbList","@id":"https:\/\/hotelvangelder.nl\/fr\/equipements-de-lhotel\/#breadcrumb","itemListElement":[{"@type":"ListItem","position":1,"name":"Home","item":"https:\/\/hotelvangelder.nl\/fr\/"},{"@type":"ListItem","position":2,"name":"Equipements de l\u2019h\u00f4tel"}]},{"@type":"WebSite","@id":"https:\/\/hotelvangelder.nl\/#website","url":"https:\/\/hotelvangelder.nl\/","name":"Hotel van Gelder","description":"En nog een WordPress site","potentialAction":[{"@type":"SearchAction","target":{"@type":"EntryPoint","urlTemplate":"https:\/\/hotelvangelder.nl\/?s={search_term_string}"},"query-input":{"@type":"PropertyValueSpecification","valueRequired":true,"valueName":"search_term_string"}}],"inLanguage":"fr-FR"}]}},"_links":{"self":[{"href":"https:\/\/hotelvangelder.nl\/fr\/wp-json\/wp\/v2\/pages\/200","targetHints":{"allow":["GET"]}}],"collection":[{"href":"https:\/\/hotelvangelder.nl\/fr\/wp-json\/wp\/v2\/pages"}],"about":[{"href":"https:\/\/hotelvangelder.nl\/fr\/wp-json\/wp\/v2\/types\/page"}],"author":[{"embeddable":true,"href":"https:\/\/hotelvangelder.nl\/fr\/wp-json\/wp\/v2\/users\/1"}],"replies":[{"embeddable":true,"href":"https:\/\/hotelvangelder.nl\/fr\/wp-json\/wp\/v2\/comments?post=200"}],"version-history":[{"count":3,"href":"https:\/\/hotelvangelder.nl\/fr\/wp-json\/wp\/v2\/pages\/200\/revisions"}],"predecessor-version":[{"id":885,"href":"https:\/\/hotelvangelder.nl\/fr\/wp-json\/wp\/v2\/pages\/200\/revisions\/885"}],"wp:attachment":[{"href":"https:\/\/hotelvangelder.nl\/fr\/wp-json\/wp\/v2\/media?parent=200"}],"curies":[{"name":"wp","href":"https:\/\/api.w.org\/{rel}","templated":true}]}}