{"id":127,"date":"2016-11-14T15:02:49","date_gmt":"2016-11-14T14:02:49","guid":{"rendered":"http:\/\/hvg.blitskikker.nl\/wat-te-doen-2\/"},"modified":"2016-12-01T10:49:45","modified_gmt":"2016-12-01T09:49:45","slug":"sightseeing","status":"publish","type":"page","link":"https:\/\/hotelvangelder.nl\/fr\/sightseeing\/","title":{"rendered":"Things to do"},"content":{"rendered":"<h2 class=\"p1\">Sightseeing<\/h2>\n<p>D\u00e9couvrez les richesses culturelles et historiques et l\u2019atmosph\u00e8re locale d\u2019Amsterdam. Ce sont les plus extraordinaires attractions touristiques d\u2019Amsterdam!<\/p>\n<ol>\n<li><a href=\"http:\/\/hvg.blitskikker.nl\/fr\/things-to-do\/le-rijksmusee\/\">Le Rijksmus\u00e9e<\/a><\/li>\n<li><a href=\"http:\/\/hvg.blitskikker.nl\/fr\/things-to-do\/le-musee-gogh\/\">Le Mus\u00e9e Van Gogh<\/a><\/li>\n<li><a href=\"http:\/\/hvg.blitskikker.nl\/fr\/things-to-do\/la-maison-anne-frank\/\">La maison Anne Frank<\/a><\/li>\n<li><a href=\"http:\/\/hvg.blitskikker.nl\/fr\/things-to-do\/le-9-rues\/\">Le 9 rues (magasins)<\/a><\/li>\n<li><a href=\"http:\/\/hvg.blitskikker.nl\/fr\/things-to-do\/le-red-light-district\/\">Le Red Light District<\/a><\/li>\n<li><a href=\"http:\/\/hvg.blitskikker.nl\/fr\/things-to-do\/le-jordaan\/\">Le Jordaan<\/a><\/li>\n<li><a href=\"http:\/\/hvg.blitskikker.nl\/fr\/things-to-do\/les-canaux\/\">Les canaux<\/a><\/li>\n<li><a href=\"http:\/\/hvg.blitskikker.nl\/fr\/things-to-do\/le-marche-albert-cuypmarkt\/\">Le march\u00e9 Albert Cuypmarkt<\/a><\/li>\n<li><a href=\"http:\/\/hvg.blitskikker.nl\/fr\/things-to-do\/le-vondelpark\/\">Le Vondelpark<\/a><\/li>\n<li><a href=\"http:\/\/hvg.blitskikker.nl\/fr\/things-to-do\/leidseplein\/\">Leidseplein<\/a><\/li>\n<\/ol>\n<h2 class=\"p1\">Events<\/h2>\n<p class=\"p1\">Amsterdam est citer souvent la plus color\u00e9e ville dans le monde. Cliquez <span class=\"s1\"><a href=\"http:\/\/www.iamsterdam.com\/fr\/visiter\" target=\"_blank\">ici<\/a><\/span>\u00a0our un agenda culturel d\u00e9bordant d\u2019excellents festivals, de soir\u00e9es nocturnes, d\u2019expositions et d\u2019\u00e9v\u00e8nements, ainsi que des informations touristiques, des listes d\u2019h\u00f4tels, de mus\u00e9es, d\u2019excursions &amp; d\u2019attractions. rien ne vous \u00e9chappera<\/p>\n<p>&nbsp;<\/p>\n","protected":false},"excerpt":{"rendered":"<p>Sightseeing D\u00e9couvrez les richesses culturelles et historiques et l\u2019atmosph\u00e8re locale d\u2019Amsterdam. Ce sont les plus extraordinaires attractions touristiques d\u2019Amsterdam! Le Rijksmus\u00e9e Le Mus\u00e9e Van Gogh La maison Anne Frank Le 9 rues (magasins) Le Red Light District Le Jordaan Les canaux Le march\u00e9 Albert Cuypmarkt Le Vondelpark Leidseplein Events Amsterdam est citer souvent la plus [&hellip;]<\/p>\n","protected":false},"author":1,"featured_media":29,"parent":0,"menu_order":0,"comment_status":"closed","ping_status":"closed","template":"todo.php","meta":{"_acf_changed":false,"footnotes":""},"class_list":["post-127","page","type-page","status-publish","has-post-thumbnail","hentry"],"acf":[],"yoast_head":"<!-- This site is optimized with the Yoast SEO plugin v26.8 - https:\/\/yoast.com\/product\/yoast-seo-wordpress\/ -->\n<title>Things to do | Hotel van Gelder<\/title>\n<meta name=\"robots\" content=\"index, follow, max-snippet:-1, max-image-preview:large, max-video-preview:-1\" \/>\n<link rel=\"canonical\" href=\"https:\/\/hotelvangelder.nl\/fr\/sightseeing\/\" \/>\n<meta property=\"og:locale\" content=\"fr_FR\" \/>\n<meta property=\"og:type\" content=\"article\" \/>\n<meta property=\"og:title\" content=\"Things to do | Hotel van Gelder\" \/>\n<meta property=\"og:description\" content=\"Sightseeing D\u00e9couvrez les richesses culturelles et historiques et l\u2019atmosph\u00e8re locale d\u2019Amsterdam. Ce sont les plus extraordinaires attractions touristiques d\u2019Amsterdam! Le Rijksmus\u00e9e Le Mus\u00e9e Van Gogh La maison Anne Frank Le 9 rues (magasins) Le Red Light District Le Jordaan Les canaux Le march\u00e9 Albert Cuypmarkt Le Vondelpark Leidseplein Events Amsterdam est citer souvent la plus [&hellip;]\" \/>\n<meta property=\"og:url\" content=\"https:\/\/hotelvangelder.nl\/fr\/sightseeing\/\" \/>\n<meta property=\"og:site_name\" content=\"Hotel van Gelder\" \/>\n<meta property=\"article:modified_time\" content=\"2016-12-01T09:49:45+00:00\" \/>\n<meta property=\"og:image\" content=\"https:\/\/hotelvangelder.nl\/wp-content\/uploads\/2016\/11\/damrak.jpg\" \/>\n\t<meta property=\"og:image:width\" content=\"2000\" \/>\n\t<meta property=\"og:image:height\" content=\"1000\" \/>\n\t<meta property=\"og:image:type\" content=\"image\/jpeg\" \/>\n<meta name=\"twitter:card\" content=\"summary_large_image\" \/>\n<meta name=\"twitter:label1\" content=\"Dur\u00e9e de lecture estim\u00e9e\" \/>\n\t<meta name=\"twitter:data1\" content=\"1 minute\" \/>\n<script type=\"application\/ld+json\" class=\"yoast-schema-graph\">{\"@context\":\"https:\/\/schema.org\",\"@graph\":[{\"@type\":\"WebPage\",\"@id\":\"https:\/\/hotelvangelder.nl\/fr\/sightseeing\/\",\"url\":\"https:\/\/hotelvangelder.nl\/fr\/sightseeing\/\",\"name\":\"Things to do | Hotel van Gelder\",\"isPartOf\":{\"@id\":\"https:\/\/hotelvangelder.nl\/#website\"},\"primaryImageOfPage\":{\"@id\":\"https:\/\/hotelvangelder.nl\/fr\/sightseeing\/#primaryimage\"},\"image\":{\"@id\":\"https:\/\/hotelvangelder.nl\/fr\/sightseeing\/#primaryimage\"},\"thumbnailUrl\":\"https:\/\/hotelvangelder.nl\/wp-content\/uploads\/2016\/11\/damrak.jpg\",\"datePublished\":\"2016-11-14T14:02:49+00:00\",\"dateModified\":\"2016-12-01T09:49:45+00:00\",\"breadcrumb\":{\"@id\":\"https:\/\/hotelvangelder.nl\/fr\/sightseeing\/#breadcrumb\"},\"inLanguage\":\"fr-FR\",\"potentialAction\":[{\"@type\":\"ReadAction\",\"target\":[\"https:\/\/hotelvangelder.nl\/fr\/sightseeing\/\"]}]},{\"@type\":\"ImageObject\",\"inLanguage\":\"fr-FR\",\"@id\":\"https:\/\/hotelvangelder.nl\/fr\/sightseeing\/#primaryimage\",\"url\":\"https:\/\/hotelvangelder.nl\/wp-content\/uploads\/2016\/11\/damrak.jpg\",\"contentUrl\":\"https:\/\/hotelvangelder.nl\/wp-content\/uploads\/2016\/11\/damrak.jpg\",\"width\":2000,\"height\":1000},{\"@type\":\"BreadcrumbList\",\"@id\":\"https:\/\/hotelvangelder.nl\/fr\/sightseeing\/#breadcrumb\",\"itemListElement\":[{\"@type\":\"ListItem\",\"position\":1,\"name\":\"Home\",\"item\":\"https:\/\/hotelvangelder.nl\/fr\/\"},{\"@type\":\"ListItem\",\"position\":2,\"name\":\"Things to do\"}]},{\"@type\":\"WebSite\",\"@id\":\"https:\/\/hotelvangelder.nl\/#website\",\"url\":\"https:\/\/hotelvangelder.nl\/\",\"name\":\"Hotel van Gelder\",\"description\":\"En nog een WordPress site\",\"potentialAction\":[{\"@type\":\"SearchAction\",\"target\":{\"@type\":\"EntryPoint\",\"urlTemplate\":\"https:\/\/hotelvangelder.nl\/?s={search_term_string}\"},\"query-input\":{\"@type\":\"PropertyValueSpecification\",\"valueRequired\":true,\"valueName\":\"search_term_string\"}}],\"inLanguage\":\"fr-FR\"}]}<\/script>\n<!-- \/ Yoast SEO plugin. -->","yoast_head_json":{"title":"Things to do | Hotel van Gelder","robots":{"index":"index","follow":"follow","max-snippet":"max-snippet:-1","max-image-preview":"max-image-preview:large","max-video-preview":"max-video-preview:-1"},"canonical":"https:\/\/hotelvangelder.nl\/fr\/sightseeing\/","og_locale":"fr_FR","og_type":"article","og_title":"Things to do | Hotel van Gelder","og_description":"Sightseeing D\u00e9couvrez les richesses culturelles et historiques et l\u2019atmosph\u00e8re locale d\u2019Amsterdam. Ce sont les plus extraordinaires attractions touristiques d\u2019Amsterdam! Le Rijksmus\u00e9e Le Mus\u00e9e Van Gogh La maison Anne Frank Le 9 rues (magasins) Le Red Light District Le Jordaan Les canaux Le march\u00e9 Albert Cuypmarkt Le Vondelpark Leidseplein Events Amsterdam est citer souvent la plus [&hellip;]","og_url":"https:\/\/hotelvangelder.nl\/fr\/sightseeing\/","og_site_name":"Hotel van Gelder","article_modified_time":"2016-12-01T09:49:45+00:00","og_image":[{"width":2000,"height":1000,"url":"https:\/\/hotelvangelder.nl\/wp-content\/uploads\/2016\/11\/damrak.jpg","type":"image\/jpeg"}],"twitter_card":"summary_large_image","twitter_misc":{"Dur\u00e9e de lecture estim\u00e9e":"1 minute"},"schema":{"@context":"https:\/\/schema.org","@graph":[{"@type":"WebPage","@id":"https:\/\/hotelvangelder.nl\/fr\/sightseeing\/","url":"https:\/\/hotelvangelder.nl\/fr\/sightseeing\/","name":"Things to do | Hotel van Gelder","isPartOf":{"@id":"https:\/\/hotelvangelder.nl\/#website"},"primaryImageOfPage":{"@id":"https:\/\/hotelvangelder.nl\/fr\/sightseeing\/#primaryimage"},"image":{"@id":"https:\/\/hotelvangelder.nl\/fr\/sightseeing\/#primaryimage"},"thumbnailUrl":"https:\/\/hotelvangelder.nl\/wp-content\/uploads\/2016\/11\/damrak.jpg","datePublished":"2016-11-14T14:02:49+00:00","dateModified":"2016-12-01T09:49:45+00:00","breadcrumb":{"@id":"https:\/\/hotelvangelder.nl\/fr\/sightseeing\/#breadcrumb"},"inLanguage":"fr-FR","potentialAction":[{"@type":"ReadAction","target":["https:\/\/hotelvangelder.nl\/fr\/sightseeing\/"]}]},{"@type":"ImageObject","inLanguage":"fr-FR","@id":"https:\/\/hotelvangelder.nl\/fr\/sightseeing\/#primaryimage","url":"https:\/\/hotelvangelder.nl\/wp-content\/uploads\/2016\/11\/damrak.jpg","contentUrl":"https:\/\/hotelvangelder.nl\/wp-content\/uploads\/2016\/11\/damrak.jpg","width":2000,"height":1000},{"@type":"BreadcrumbList","@id":"https:\/\/hotelvangelder.nl\/fr\/sightseeing\/#breadcrumb","itemListElement":[{"@type":"ListItem","position":1,"name":"Home","item":"https:\/\/hotelvangelder.nl\/fr\/"},{"@type":"ListItem","position":2,"name":"Things to do"}]},{"@type":"WebSite","@id":"https:\/\/hotelvangelder.nl\/#website","url":"https:\/\/hotelvangelder.nl\/","name":"Hotel van Gelder","description":"En nog een WordPress site","potentialAction":[{"@type":"SearchAction","target":{"@type":"EntryPoint","urlTemplate":"https:\/\/hotelvangelder.nl\/?s={search_term_string}"},"query-input":{"@type":"PropertyValueSpecification","valueRequired":true,"valueName":"search_term_string"}}],"inLanguage":"fr-FR"}]}},"_links":{"self":[{"href":"https:\/\/hotelvangelder.nl\/fr\/wp-json\/wp\/v2\/pages\/127","targetHints":{"allow":["GET"]}}],"collection":[{"href":"https:\/\/hotelvangelder.nl\/fr\/wp-json\/wp\/v2\/pages"}],"about":[{"href":"https:\/\/hotelvangelder.nl\/fr\/wp-json\/wp\/v2\/types\/page"}],"author":[{"embeddable":true,"href":"https:\/\/hotelvangelder.nl\/fr\/wp-json\/wp\/v2\/users\/1"}],"replies":[{"embeddable":true,"href":"https:\/\/hotelvangelder.nl\/fr\/wp-json\/wp\/v2\/comments?post=127"}],"version-history":[{"count":6,"href":"https:\/\/hotelvangelder.nl\/fr\/wp-json\/wp\/v2\/pages\/127\/revisions"}],"predecessor-version":[{"id":347,"href":"https:\/\/hotelvangelder.nl\/fr\/wp-json\/wp\/v2\/pages\/127\/revisions\/347"}],"wp:featuredmedia":[{"embeddable":true,"href":"https:\/\/hotelvangelder.nl\/fr\/wp-json\/wp\/v2\/media\/29"}],"wp:attachment":[{"href":"https:\/\/hotelvangelder.nl\/fr\/wp-json\/wp\/v2\/media?parent=127"}],"curies":[{"name":"wp","href":"https:\/\/api.w.org\/{rel}","templated":true}]}}