{"id":117,"date":"2016-11-25T11:46:10","date_gmt":"2016-11-25T10:46:10","guid":{"rendered":"http:\/\/hvg.blitskikker.nl\/?page_id=117"},"modified":"2016-11-25T11:46:10","modified_gmt":"2016-11-25T10:46:10","slug":"avis-non-responsabilite","status":"publish","type":"page","link":"https:\/\/hotelvangelder.nl\/fr\/avis-non-responsabilite\/","title":{"rendered":"Avis de non-responsabilit\u00e9"},"content":{"rendered":"<p>Le site Internet du Hotel van Gelder a \u00e9t\u00e9 con\u00e7u avec les plus grandes pr\u00e9cautions. \u00c0 tout moment, Hotel van Gelder peut modifier les informations concernant l\u2019h\u00f4tel, telles que les prix et la disponibilit\u00e9. Aussi ne pouvons-nous garantir que toutes les informations seront exactes et sans erreurs et nous ne pouvons \u00eatre tenus responsables pour les erreurs ou les inexactitudes des informations fournies. Vous devez toujours v\u00e9rifier les informations fournies avant d\u2019agir en fonction de celles-ci.<\/p>\n<p>Sauf indication contraire, le copyright du contenu du site web est le copyright du Hotel van Gelder. Le site est pour votre utilisation personnelle et non-commerciale. Il est interdit de modifier, changer, copier, reproduire, transmettre tout contenu, toute cr\u00e9ation ou tous services de ce site web.<\/p>\n<p>Hotel van Gelder B.V. est une soci\u00e9t\u00e9 enregistr\u00e9e aux Pays-Bas. Les lois n\u00e9erlandaises s\u2019appliquent \u00e0 nos services.<\/p>\n","protected":false},"excerpt":{"rendered":"<p>Le site Internet du Hotel van Gelder a \u00e9t\u00e9 con\u00e7u avec les plus grandes pr\u00e9cautions. \u00c0 tout moment, Hotel van Gelder peut modifier les informations concernant l\u2019h\u00f4tel, telles que les prix et la disponibilit\u00e9. Aussi ne pouvons-nous garantir que toutes les informations seront exactes et sans erreurs et nous ne pouvons \u00eatre tenus responsables pour [&hellip;]<\/p>\n","protected":false},"author":1,"featured_media":0,"parent":0,"menu_order":0,"comment_status":"closed","ping_status":"closed","template":"","meta":{"_acf_changed":false,"footnotes":""},"class_list":["post-117","page","type-page","status-publish","hentry"],"acf":[],"yoast_head":"<!-- This site is optimized with the Yoast SEO plugin v26.8 - https:\/\/yoast.com\/product\/yoast-seo-wordpress\/ -->\n<title>Avis de non-responsabilit\u00e9 | Hotel van Gelder<\/title>\n<meta name=\"robots\" content=\"index, follow, max-snippet:-1, max-image-preview:large, max-video-preview:-1\" \/>\n<link rel=\"canonical\" href=\"https:\/\/hotelvangelder.nl\/fr\/avis-non-responsabilite\/\" \/>\n<meta property=\"og:locale\" content=\"fr_FR\" \/>\n<meta property=\"og:type\" content=\"article\" \/>\n<meta property=\"og:title\" content=\"Avis de non-responsabilit\u00e9 | Hotel van Gelder\" \/>\n<meta property=\"og:description\" content=\"Le site Internet du Hotel van Gelder a \u00e9t\u00e9 con\u00e7u avec les plus grandes pr\u00e9cautions. \u00c0 tout moment, Hotel van Gelder peut modifier les informations concernant l\u2019h\u00f4tel, telles que les prix et la disponibilit\u00e9. Aussi ne pouvons-nous garantir que toutes les informations seront exactes et sans erreurs et nous ne pouvons \u00eatre tenus responsables pour [&hellip;]\" \/>\n<meta property=\"og:url\" content=\"https:\/\/hotelvangelder.nl\/fr\/avis-non-responsabilite\/\" \/>\n<meta property=\"og:site_name\" content=\"Hotel van Gelder\" \/>\n<meta name=\"twitter:card\" content=\"summary_large_image\" \/>\n<meta name=\"twitter:label1\" content=\"Dur\u00e9e de lecture estim\u00e9e\" \/>\n\t<meta name=\"twitter:data1\" content=\"1 minute\" \/>\n<script type=\"application\/ld+json\" class=\"yoast-schema-graph\">{\"@context\":\"https:\/\/schema.org\",\"@graph\":[{\"@type\":\"WebPage\",\"@id\":\"https:\/\/hotelvangelder.nl\/fr\/avis-non-responsabilite\/\",\"url\":\"https:\/\/hotelvangelder.nl\/fr\/avis-non-responsabilite\/\",\"name\":\"Avis de non-responsabilit\u00e9 | Hotel van Gelder\",\"isPartOf\":{\"@id\":\"https:\/\/hotelvangelder.nl\/#website\"},\"datePublished\":\"2016-11-25T10:46:10+00:00\",\"breadcrumb\":{\"@id\":\"https:\/\/hotelvangelder.nl\/fr\/avis-non-responsabilite\/#breadcrumb\"},\"inLanguage\":\"fr-FR\",\"potentialAction\":[{\"@type\":\"ReadAction\",\"target\":[\"https:\/\/hotelvangelder.nl\/fr\/avis-non-responsabilite\/\"]}]},{\"@type\":\"BreadcrumbList\",\"@id\":\"https:\/\/hotelvangelder.nl\/fr\/avis-non-responsabilite\/#breadcrumb\",\"itemListElement\":[{\"@type\":\"ListItem\",\"position\":1,\"name\":\"Home\",\"item\":\"https:\/\/hotelvangelder.nl\/fr\/\"},{\"@type\":\"ListItem\",\"position\":2,\"name\":\"Avis de non-responsabilit\u00e9\"}]},{\"@type\":\"WebSite\",\"@id\":\"https:\/\/hotelvangelder.nl\/#website\",\"url\":\"https:\/\/hotelvangelder.nl\/\",\"name\":\"Hotel van Gelder\",\"description\":\"En nog een WordPress site\",\"potentialAction\":[{\"@type\":\"SearchAction\",\"target\":{\"@type\":\"EntryPoint\",\"urlTemplate\":\"https:\/\/hotelvangelder.nl\/?s={search_term_string}\"},\"query-input\":{\"@type\":\"PropertyValueSpecification\",\"valueRequired\":true,\"valueName\":\"search_term_string\"}}],\"inLanguage\":\"fr-FR\"}]}<\/script>\n<!-- \/ Yoast SEO plugin. -->","yoast_head_json":{"title":"Avis de non-responsabilit\u00e9 | Hotel van Gelder","robots":{"index":"index","follow":"follow","max-snippet":"max-snippet:-1","max-image-preview":"max-image-preview:large","max-video-preview":"max-video-preview:-1"},"canonical":"https:\/\/hotelvangelder.nl\/fr\/avis-non-responsabilite\/","og_locale":"fr_FR","og_type":"article","og_title":"Avis de non-responsabilit\u00e9 | Hotel van Gelder","og_description":"Le site Internet du Hotel van Gelder a \u00e9t\u00e9 con\u00e7u avec les plus grandes pr\u00e9cautions. \u00c0 tout moment, Hotel van Gelder peut modifier les informations concernant l\u2019h\u00f4tel, telles que les prix et la disponibilit\u00e9. Aussi ne pouvons-nous garantir que toutes les informations seront exactes et sans erreurs et nous ne pouvons \u00eatre tenus responsables pour [&hellip;]","og_url":"https:\/\/hotelvangelder.nl\/fr\/avis-non-responsabilite\/","og_site_name":"Hotel van Gelder","twitter_card":"summary_large_image","twitter_misc":{"Dur\u00e9e de lecture estim\u00e9e":"1 minute"},"schema":{"@context":"https:\/\/schema.org","@graph":[{"@type":"WebPage","@id":"https:\/\/hotelvangelder.nl\/fr\/avis-non-responsabilite\/","url":"https:\/\/hotelvangelder.nl\/fr\/avis-non-responsabilite\/","name":"Avis de non-responsabilit\u00e9 | Hotel van Gelder","isPartOf":{"@id":"https:\/\/hotelvangelder.nl\/#website"},"datePublished":"2016-11-25T10:46:10+00:00","breadcrumb":{"@id":"https:\/\/hotelvangelder.nl\/fr\/avis-non-responsabilite\/#breadcrumb"},"inLanguage":"fr-FR","potentialAction":[{"@type":"ReadAction","target":["https:\/\/hotelvangelder.nl\/fr\/avis-non-responsabilite\/"]}]},{"@type":"BreadcrumbList","@id":"https:\/\/hotelvangelder.nl\/fr\/avis-non-responsabilite\/#breadcrumb","itemListElement":[{"@type":"ListItem","position":1,"name":"Home","item":"https:\/\/hotelvangelder.nl\/fr\/"},{"@type":"ListItem","position":2,"name":"Avis de non-responsabilit\u00e9"}]},{"@type":"WebSite","@id":"https:\/\/hotelvangelder.nl\/#website","url":"https:\/\/hotelvangelder.nl\/","name":"Hotel van Gelder","description":"En nog een WordPress site","potentialAction":[{"@type":"SearchAction","target":{"@type":"EntryPoint","urlTemplate":"https:\/\/hotelvangelder.nl\/?s={search_term_string}"},"query-input":{"@type":"PropertyValueSpecification","valueRequired":true,"valueName":"search_term_string"}}],"inLanguage":"fr-FR"}]}},"_links":{"self":[{"href":"https:\/\/hotelvangelder.nl\/fr\/wp-json\/wp\/v2\/pages\/117","targetHints":{"allow":["GET"]}}],"collection":[{"href":"https:\/\/hotelvangelder.nl\/fr\/wp-json\/wp\/v2\/pages"}],"about":[{"href":"https:\/\/hotelvangelder.nl\/fr\/wp-json\/wp\/v2\/types\/page"}],"author":[{"embeddable":true,"href":"https:\/\/hotelvangelder.nl\/fr\/wp-json\/wp\/v2\/users\/1"}],"replies":[{"embeddable":true,"href":"https:\/\/hotelvangelder.nl\/fr\/wp-json\/wp\/v2\/comments?post=117"}],"version-history":[{"count":1,"href":"https:\/\/hotelvangelder.nl\/fr\/wp-json\/wp\/v2\/pages\/117\/revisions"}],"predecessor-version":[{"id":118,"href":"https:\/\/hotelvangelder.nl\/fr\/wp-json\/wp\/v2\/pages\/117\/revisions\/118"}],"wp:attachment":[{"href":"https:\/\/hotelvangelder.nl\/fr\/wp-json\/wp\/v2\/media?parent=117"}],"curies":[{"name":"wp","href":"https:\/\/api.w.org\/{rel}","templated":true}]}}