{"id":108,"date":"2016-11-25T11:42:19","date_gmt":"2016-11-25T10:42:19","guid":{"rendered":"http:\/\/hvg.blitskikker.nl\/?page_id=108"},"modified":"2016-11-25T11:42:19","modified_gmt":"2016-11-25T10:42:19","slug":"conditions-generales","status":"publish","type":"page","link":"https:\/\/hotelvangelder.nl\/fr\/conditions-generales\/","title":{"rendered":"Conditions g\u00e9n\u00e9rales"},"content":{"rendered":"<h2>1. Description du service<\/h2>\n<p>Ce site web est exploit\u00e9 par Hotel van Gelder B.V. Son objectif est de donner \u00e0 ses utilisateurs la possibilit\u00e9 de se faire une id\u00e9e sur Hotel van Gelder et de pouvoir faire des r\u00e9servations. Bien que nous ayons fait tout ce qui nous \u00e9tait possible pour faire que les informations disponibles sur ce site web soient exactes, nous ne pouvons pas garantir que toutes les informations sont compl\u00e8tes et sans erreurs et ne pouvons \u00eatre tenus responsables en cas d\u2019informations manquantes ou qui n\u2019auraient pas \u00e9t\u00e9 envoy\u00e9es.<\/p>\n<h2>2. Confidentialit\u00e9<\/h2>\n<p>Hotel van Gelder respecte les normes \u00e9thiques les plus \u00e9lev\u00e9es et garantit votre vie priv\u00e9e.<br \/>\nEn aucune circonstance, quelle qu\u2019elle soit, nous ne transmettrons vos informations personnelles \u00e0 des tiers. Pour plus d\u2019informations, veuillez vous r\u00e9f\u00e9rer \u00e0 notre politique de respect de la vie priv\u00e9e.<\/p>\n<h2>3. Garantie de la carte de cr\u00e9dit<\/h2>\n<p>Les informations de la carte de cr\u00e9dit sont indispensables au Hotel van Gelder pour pouvoir garantir votre r\u00e9servation. La carte de cr\u00e9dit que vous utilisez doit vous appartenir personnellement ou vous devez \u00eatre l\u00e9galement autoris\u00e9(e) \u00e0 l\u2019utiliser par son propri\u00e9taire. Les informations de votre carte de cr\u00e9dit sont envoy\u00e9es directement au Hotel van Gelder. Lorsque vous faites une r\u00e9servation, vous concluez automatiquement un accord avec Hotel van Gelder. Nous ne d\u00e9duirons pas le paiement de votre s\u00e9jour sur votre carte de cr\u00e9dit, car vous r\u00e9glerez celui-ci \u00e0 votre arriv\u00e9e \u00e0 l\u2019h\u00f4tel. Cependant, ceci ne s\u2019applique pas \u00e0 une r\u00e9servation non remboursable. Pour ce type de r\u00e9servation, imm\u00e9diatement apr\u00e8s que vous aurez fait la r\u00e9servation de l\u2019h\u00f4tel, le paiement sera d\u00e9duit sur votre carte de cr\u00e9dit. Les tarifs mentionn\u00e9s sur le site web sont toujours par chambre et par nuit, petit-d\u00e9jeuner et TVA inclus et except\u00e9 une taxe locale de 5 %, sauf indiqu\u00e9 autrement.<br \/>\nVous pouvez \u00eatre assur\u00e9(e) que nous prenons nos responsabilit\u00e9s tr\u00e8s au s\u00e9rieux quant aux informations de votre carte de cr\u00e9dit. Nous utilisons la technologie \u00ab Secure Socket Layer (SSL) \u00bb courante dans l\u2019industrie, afin d\u2019encoder les informations de votre carte de cr\u00e9dit, ce qui signifie que nous pouvons garantir que chaque transaction effectu\u00e9e est s\u00e9curis\u00e9e \u00e0 100% et, en cas d\u2019utilisation abusive par le Hotel van Gelder, nous rembourserons les premiers 50\u20ac, la soci\u00e9t\u00e9 de cartes de cr\u00e9dit \u00e9tant oblig\u00e9e de rembourser le solde de la somme.<\/p>\n<h2>4. Annulation<\/h2>\n<p>Si vous effectuez l\u2019annulation dans la p\u00e9riode pr\u00e9vue par la politique d\u2019annulation de l\u2019h\u00f4tel, cette annulation n\u2019engendrera pas de frais. Nous vous conseillons de lire avec attention la politique d\u2019annulation de l\u2019h\u00f4tel :<br \/>\nPolitique d\u2019annulation : il est possible d\u2019annuler la r\u00e9servation sans frais, dans un d\u00e9lai de 48 heures avant le jour d\u2019arriv\u00e9e. Veuillez noter que \u00ab le jour d\u2019arriv\u00e9e \u00bb commence \u00e0 0:00 heure locale. Si vous ne vous pr\u00e9sentez pas o\u00f9 si vous annulez tardivement, la premi\u00e8re nuit vous sera factur\u00e9e. L\u2019h\u00f4tel conservera la r\u00e9servation de votre chambre jusqu\u2019\u00e0 7h00 le jour suivant la date pr\u00e9vue de votre arriv\u00e9e.<\/p>\n<h2>5. Avis de non-responsabilit\u00e9<\/h2>\n<p>Le site Internet du Hotel van Gelder a \u00e9t\u00e9 con\u00e7u avec les plus grandes pr\u00e9cautions. \u00c0 tout moment, Hotel van Gelder peut modifier les informations concernant l\u2019h\u00f4tel, telles que les prix et la disponibilit\u00e9. Aussi ne pouvons-nous garantir que toutes les informations seront exactes et sans erreurs et nous ne pouvons \u00eatre tenus responsables pour les erreurs ou les inexactitudes des informations fournies. Vous devez toujours v\u00e9rifier les informations fournies avant d\u2019agir en fonction de celles-ci.<\/p>\n<p>Sauf indication contraire, le copyright du contenu du site web est le copyright du Hotel van Gelder. Le site est pour votre utilisation personnelle et non-commerciale. Il est interdit de modifier, changer, copier, reproduire, transmettre tout contenu, toute cr\u00e9ation ou tous services de ce site web.<\/p>\n<p>Hotel van Gelder B.V. est une soci\u00e9t\u00e9 enregistr\u00e9e aux Pays-Bas. Les lois n\u00e9erlandaises s\u2019appliquent \u00e0 nos services.<\/p>\n<p>Derni\u00e8re revision : 24 noviembre 2013<\/p>\n","protected":false},"excerpt":{"rendered":"<p>1. Description du service Ce site web est exploit\u00e9 par Hotel van Gelder B.V. Son objectif est de donner \u00e0 ses utilisateurs la possibilit\u00e9 de se faire une id\u00e9e sur Hotel van Gelder et de pouvoir faire des r\u00e9servations. Bien que nous ayons fait tout ce qui nous \u00e9tait possible pour faire que les informations [&hellip;]<\/p>\n","protected":false},"author":1,"featured_media":0,"parent":0,"menu_order":0,"comment_status":"closed","ping_status":"closed","template":"","meta":{"_acf_changed":false,"footnotes":""},"class_list":["post-108","page","type-page","status-publish","hentry"],"acf":[],"yoast_head":"<!-- This site is optimized with the Yoast SEO plugin v26.8 - https:\/\/yoast.com\/product\/yoast-seo-wordpress\/ -->\n<title>Conditions g\u00e9n\u00e9rales | Hotel van Gelder<\/title>\n<meta name=\"robots\" content=\"index, follow, max-snippet:-1, max-image-preview:large, max-video-preview:-1\" \/>\n<link rel=\"canonical\" href=\"https:\/\/hotelvangelder.nl\/fr\/conditions-generales\/\" \/>\n<meta property=\"og:locale\" content=\"fr_FR\" \/>\n<meta property=\"og:type\" content=\"article\" \/>\n<meta property=\"og:title\" content=\"Conditions g\u00e9n\u00e9rales | Hotel van Gelder\" \/>\n<meta property=\"og:description\" content=\"1. Description du service Ce site web est exploit\u00e9 par Hotel van Gelder B.V. Son objectif est de donner \u00e0 ses utilisateurs la possibilit\u00e9 de se faire une id\u00e9e sur Hotel van Gelder et de pouvoir faire des r\u00e9servations. Bien que nous ayons fait tout ce qui nous \u00e9tait possible pour faire que les informations [&hellip;]\" \/>\n<meta property=\"og:url\" content=\"https:\/\/hotelvangelder.nl\/fr\/conditions-generales\/\" \/>\n<meta property=\"og:site_name\" content=\"Hotel van Gelder\" \/>\n<meta name=\"twitter:card\" content=\"summary_large_image\" \/>\n<meta name=\"twitter:label1\" content=\"Dur\u00e9e de lecture estim\u00e9e\" \/>\n\t<meta name=\"twitter:data1\" content=\"4 minutes\" \/>\n<script type=\"application\/ld+json\" class=\"yoast-schema-graph\">{\"@context\":\"https:\/\/schema.org\",\"@graph\":[{\"@type\":\"WebPage\",\"@id\":\"https:\/\/hotelvangelder.nl\/fr\/conditions-generales\/\",\"url\":\"https:\/\/hotelvangelder.nl\/fr\/conditions-generales\/\",\"name\":\"Conditions g\u00e9n\u00e9rales | Hotel van Gelder\",\"isPartOf\":{\"@id\":\"https:\/\/hotelvangelder.nl\/#website\"},\"datePublished\":\"2016-11-25T10:42:19+00:00\",\"breadcrumb\":{\"@id\":\"https:\/\/hotelvangelder.nl\/fr\/conditions-generales\/#breadcrumb\"},\"inLanguage\":\"fr-FR\",\"potentialAction\":[{\"@type\":\"ReadAction\",\"target\":[\"https:\/\/hotelvangelder.nl\/fr\/conditions-generales\/\"]}]},{\"@type\":\"BreadcrumbList\",\"@id\":\"https:\/\/hotelvangelder.nl\/fr\/conditions-generales\/#breadcrumb\",\"itemListElement\":[{\"@type\":\"ListItem\",\"position\":1,\"name\":\"Home\",\"item\":\"https:\/\/hotelvangelder.nl\/fr\/\"},{\"@type\":\"ListItem\",\"position\":2,\"name\":\"Conditions g\u00e9n\u00e9rales\"}]},{\"@type\":\"WebSite\",\"@id\":\"https:\/\/hotelvangelder.nl\/#website\",\"url\":\"https:\/\/hotelvangelder.nl\/\",\"name\":\"Hotel van Gelder\",\"description\":\"En nog een WordPress site\",\"potentialAction\":[{\"@type\":\"SearchAction\",\"target\":{\"@type\":\"EntryPoint\",\"urlTemplate\":\"https:\/\/hotelvangelder.nl\/?s={search_term_string}\"},\"query-input\":{\"@type\":\"PropertyValueSpecification\",\"valueRequired\":true,\"valueName\":\"search_term_string\"}}],\"inLanguage\":\"fr-FR\"}]}<\/script>\n<!-- \/ Yoast SEO plugin. -->","yoast_head_json":{"title":"Conditions g\u00e9n\u00e9rales | Hotel van Gelder","robots":{"index":"index","follow":"follow","max-snippet":"max-snippet:-1","max-image-preview":"max-image-preview:large","max-video-preview":"max-video-preview:-1"},"canonical":"https:\/\/hotelvangelder.nl\/fr\/conditions-generales\/","og_locale":"fr_FR","og_type":"article","og_title":"Conditions g\u00e9n\u00e9rales | Hotel van Gelder","og_description":"1. Description du service Ce site web est exploit\u00e9 par Hotel van Gelder B.V. Son objectif est de donner \u00e0 ses utilisateurs la possibilit\u00e9 de se faire une id\u00e9e sur Hotel van Gelder et de pouvoir faire des r\u00e9servations. Bien que nous ayons fait tout ce qui nous \u00e9tait possible pour faire que les informations [&hellip;]","og_url":"https:\/\/hotelvangelder.nl\/fr\/conditions-generales\/","og_site_name":"Hotel van Gelder","twitter_card":"summary_large_image","twitter_misc":{"Dur\u00e9e de lecture estim\u00e9e":"4 minutes"},"schema":{"@context":"https:\/\/schema.org","@graph":[{"@type":"WebPage","@id":"https:\/\/hotelvangelder.nl\/fr\/conditions-generales\/","url":"https:\/\/hotelvangelder.nl\/fr\/conditions-generales\/","name":"Conditions g\u00e9n\u00e9rales | Hotel van Gelder","isPartOf":{"@id":"https:\/\/hotelvangelder.nl\/#website"},"datePublished":"2016-11-25T10:42:19+00:00","breadcrumb":{"@id":"https:\/\/hotelvangelder.nl\/fr\/conditions-generales\/#breadcrumb"},"inLanguage":"fr-FR","potentialAction":[{"@type":"ReadAction","target":["https:\/\/hotelvangelder.nl\/fr\/conditions-generales\/"]}]},{"@type":"BreadcrumbList","@id":"https:\/\/hotelvangelder.nl\/fr\/conditions-generales\/#breadcrumb","itemListElement":[{"@type":"ListItem","position":1,"name":"Home","item":"https:\/\/hotelvangelder.nl\/fr\/"},{"@type":"ListItem","position":2,"name":"Conditions g\u00e9n\u00e9rales"}]},{"@type":"WebSite","@id":"https:\/\/hotelvangelder.nl\/#website","url":"https:\/\/hotelvangelder.nl\/","name":"Hotel van Gelder","description":"En nog een WordPress site","potentialAction":[{"@type":"SearchAction","target":{"@type":"EntryPoint","urlTemplate":"https:\/\/hotelvangelder.nl\/?s={search_term_string}"},"query-input":{"@type":"PropertyValueSpecification","valueRequired":true,"valueName":"search_term_string"}}],"inLanguage":"fr-FR"}]}},"_links":{"self":[{"href":"https:\/\/hotelvangelder.nl\/fr\/wp-json\/wp\/v2\/pages\/108","targetHints":{"allow":["GET"]}}],"collection":[{"href":"https:\/\/hotelvangelder.nl\/fr\/wp-json\/wp\/v2\/pages"}],"about":[{"href":"https:\/\/hotelvangelder.nl\/fr\/wp-json\/wp\/v2\/types\/page"}],"author":[{"embeddable":true,"href":"https:\/\/hotelvangelder.nl\/fr\/wp-json\/wp\/v2\/users\/1"}],"replies":[{"embeddable":true,"href":"https:\/\/hotelvangelder.nl\/fr\/wp-json\/wp\/v2\/comments?post=108"}],"version-history":[{"count":1,"href":"https:\/\/hotelvangelder.nl\/fr\/wp-json\/wp\/v2\/pages\/108\/revisions"}],"predecessor-version":[{"id":109,"href":"https:\/\/hotelvangelder.nl\/fr\/wp-json\/wp\/v2\/pages\/108\/revisions\/109"}],"wp:attachment":[{"href":"https:\/\/hotelvangelder.nl\/fr\/wp-json\/wp\/v2\/media?parent=108"}],"curies":[{"name":"wp","href":"https:\/\/api.w.org\/{rel}","templated":true}]}}