{"id":93,"date":"2016-11-25T09:28:23","date_gmt":"2016-11-25T08:28:23","guid":{"rendered":"http:\/\/hvg.blitskikker.nl\/?page_id=93"},"modified":"2016-11-25T11:43:02","modified_gmt":"2016-11-25T10:43:02","slug":"allgemeine-geschaftsbedingungen","status":"publish","type":"page","link":"https:\/\/hotelvangelder.nl\/de\/allgemeine-geschaftsbedingungen\/","title":{"rendered":"Allgemeine Gesch\u00e4ftsbedingungen"},"content":{"rendered":"<h2>Servicebeschreibung<\/h2>\n<p>Diese Website wird von Hotel van Gelder B.V. betrieben. Zweck dieser Website ist es, ihrem Besucher einen \u00dcberblick \u00fcber Hotel van Gelder zu bieten und die Onlinebuchung einer Unterkunft zu erm\u00f6glichen. Auch wenn wir unser M\u00f6glichstes daf\u00fcr getan haben, das s\u00e4mtliche Informationen auf dieser Website korrekt sind, k\u00f6nnen wir nicht garantieren, dass alle Informationen komplett und ohne Fehler sind, und k\u00f6nnen nicht f\u00fcr fehlende oder nicht gesendete Informationen zur Verantwortung gezogen werden.<\/p>\n<h2>Privatsph\u00e4re<\/h2>\n<p>Hotel van Gelder praktiziert hohe ethische Standards und respektiert Ihre Privatsph\u00e4re.<br \/>\nUnter keinen Umst\u00e4nden geben wir Ihre pers\u00f6nlichen Daten an Dritte weiter. F\u00fcr weitere Informationen, siehe unsere Privatsph\u00e4ren-Politik.<\/p>\n<h2>Kreditkarten-Garantie<\/h2>\n<p>Hotel van Gelder ben\u00f6tigt Kreditkarten-Details, um Ihre Reservierung garantieren zu k\u00f6nnen. Die von Ihnen benutzte Kreditkarte muss Ihnen pers\u00f6nlich geh\u00f6ren, oder Sie m\u00fcssen formalgesetzlich vom Eigent\u00fcmer autorisiert sein, diese zu benutzen. Ihre Kreditkarteninformationen werden direkt dem Hotel van Gelder \u00fcbermittelt. Wenn Sie eine Reservierung vornehmen, geben Sie damit automatisch eine Einverst\u00e4ndniserkl\u00e4rung an Hotel van Gelder ab. Wir ziehen keine Zahlungen von Ihrer Kreditkarte ab, denn Sie k\u00f6nnen beim Einchecken f\u00fcr Ihren Aufenthalt bezahlen. Dies betrifft jedoch keine nichterstattungsf\u00e4higen Reservierungen. Bei dieser Art der Reservierung wird die Zahlung direkt von Ihrer Kreditkarte abgezogen. Die Preise, die auf der Webseite aufgef\u00fchrt sind, gelten immer f\u00fcr eine Person und Nacht, einschlie\u00dflich Mehrwertsteuer, ohne Fr\u00fchst\u00fcck und 5 % Tourismusabgabe, wenn nicht anders erw\u00e4hnt.<br \/>\nSie k\u00f6nnen sicher sein, dass wir unsere Verantwortung im Hinblick auf Ihre Kreditkarteninformationen sehr ernst nehmen. Wir verwenden den Industriestandard \u2018Secure Socket Layer (SSL)\u2019 Technologie zur Verschl\u00fcsselung Ihrer Kreditkartendaten. Dies bedeutet, dass jede durchgef\u00fchrte Transaktion zu 100% sicher ist und dass im Falle der missbr\u00e4uchlichen Verwendung seitens Hotel van Gelder die ersten \u20ac 50 von uns zur\u00fcckerstattet werden. Die Kreditkartengesellschaft ist dazu verpflichtet die restliche Summe zur\u00fcckzuerstatten.<\/p>\n<h2>Stornierung<\/h2>\n<p>Wenn Sie innerhalb des Stornierungszeitraums Ihren Aufenthalt stornieren, so erfolgt dies kostenfrei. Wir empfehlen, sich die Stornierungspolitik des Hotels sorgf\u00e4ltig durchzulesen: die kostenfreie Stornierung ist bis 48 Stunden vor dem geplanten Anreisetag m\u00f6glich. Beachten Sie, dass der Anreisetag um 0:00 Uhr Ortszeit beginnt. Im Falle der Nichtanreise oder versp\u00e4teten Stornierung wird Ihnen die erste Nacht in Rechnung gestellt. Das Hotel wird Ihre Reservierung 7.00 Stunden am geplanten Anreisetag aufrechterhalten.<\/p>\n<h2>Haftung<\/h2>\n<p>Die Hotel van Gelder Website wurde mit gr\u00f6\u00dfter Sorgfalt erstellt. Hotel van Gelder kann Informationen zum Hotel jederzeit ab\u00e4ndern, z.B. Preise und Verf\u00fcgbarkeit. Wir k\u00f6nnen deshalb nicht garantieren, dass s\u00e4mtliche Informationen korrekt und fehlerfrei sind und nicht f\u00fcr Fehler oder Inkorrektheiten der gegebenen Informationen zur Verantwortung gezogen werden. Sie sollten daher immer die gegebenen Informationen pr\u00fcfen, bevor Sie auf Basis dieser Informationen handeln.<\/p>\n<p>Wenn nicht anders erw\u00e4hnt, ist das Urheberrecht f\u00fcr das Material auf dieser Website das Urheberrecht des Hotel van Gelder. Die Website ist f\u00fcr Ihre pers\u00f6nliche und nichtkommerzielle Nutzung da. Es ist verboten, irgendeinen Inhalt, Illustrationen oder Services auf dieser Website zu \u00e4ndern, zu kopieren, zu versenden, zu verkaufen oder zu publizieren.<\/p>\n<p>Hotel van Gelder B.V. ist ein in den Niederlanden registriertes Unternehmen. Unsere Services unterliegen niederl\u00e4ndischem Recht.<\/p>\n<p>Neueste Version: 24 november 2016<\/p>\n","protected":false},"excerpt":{"rendered":"<p>Servicebeschreibung Diese Website wird von Hotel van Gelder B.V. betrieben. Zweck dieser Website ist es, ihrem Besucher einen \u00dcberblick \u00fcber Hotel van Gelder zu bieten und die Onlinebuchung einer Unterkunft zu erm\u00f6glichen. Auch wenn wir unser M\u00f6glichstes daf\u00fcr getan haben, das s\u00e4mtliche Informationen auf dieser Website korrekt sind, k\u00f6nnen wir nicht garantieren, dass alle Informationen [&hellip;]<\/p>\n","protected":false},"author":1,"featured_media":0,"parent":0,"menu_order":0,"comment_status":"closed","ping_status":"closed","template":"","meta":{"_acf_changed":false,"footnotes":""},"class_list":["post-93","page","type-page","status-publish","hentry"],"acf":[],"yoast_head":"<!-- This site is optimized with the Yoast SEO plugin v26.8 - https:\/\/yoast.com\/product\/yoast-seo-wordpress\/ -->\n<title>Allgemeine Gesch\u00e4ftsbedingungen | Hotel van Gelder<\/title>\n<meta name=\"robots\" content=\"index, follow, max-snippet:-1, max-image-preview:large, max-video-preview:-1\" \/>\n<link rel=\"canonical\" href=\"https:\/\/hotelvangelder.nl\/de\/allgemeine-geschaftsbedingungen\/\" \/>\n<meta property=\"og:locale\" content=\"de_DE\" \/>\n<meta property=\"og:type\" content=\"article\" \/>\n<meta property=\"og:title\" content=\"Allgemeine Gesch\u00e4ftsbedingungen | Hotel van Gelder\" \/>\n<meta property=\"og:description\" content=\"Servicebeschreibung Diese Website wird von Hotel van Gelder B.V. betrieben. Zweck dieser Website ist es, ihrem Besucher einen \u00dcberblick \u00fcber Hotel van Gelder zu bieten und die Onlinebuchung einer Unterkunft zu erm\u00f6glichen. Auch wenn wir unser M\u00f6glichstes daf\u00fcr getan haben, das s\u00e4mtliche Informationen auf dieser Website korrekt sind, k\u00f6nnen wir nicht garantieren, dass alle Informationen [&hellip;]\" \/>\n<meta property=\"og:url\" content=\"https:\/\/hotelvangelder.nl\/de\/allgemeine-geschaftsbedingungen\/\" \/>\n<meta property=\"og:site_name\" content=\"Hotel van Gelder\" \/>\n<meta property=\"article:modified_time\" content=\"2016-11-25T10:43:02+00:00\" \/>\n<meta name=\"twitter:card\" content=\"summary_large_image\" \/>\n<meta name=\"twitter:label1\" content=\"Gesch\u00e4tzte Lesezeit\" \/>\n\t<meta name=\"twitter:data1\" content=\"3\u00a0Minuten\" \/>\n<script type=\"application\/ld+json\" class=\"yoast-schema-graph\">{\"@context\":\"https:\/\/schema.org\",\"@graph\":[{\"@type\":\"WebPage\",\"@id\":\"https:\/\/hotelvangelder.nl\/de\/allgemeine-geschaftsbedingungen\/\",\"url\":\"https:\/\/hotelvangelder.nl\/de\/allgemeine-geschaftsbedingungen\/\",\"name\":\"Allgemeine Gesch\u00e4ftsbedingungen | Hotel van Gelder\",\"isPartOf\":{\"@id\":\"https:\/\/hotelvangelder.nl\/#website\"},\"datePublished\":\"2016-11-25T08:28:23+00:00\",\"dateModified\":\"2016-11-25T10:43:02+00:00\",\"breadcrumb\":{\"@id\":\"https:\/\/hotelvangelder.nl\/de\/allgemeine-geschaftsbedingungen\/#breadcrumb\"},\"inLanguage\":\"de\",\"potentialAction\":[{\"@type\":\"ReadAction\",\"target\":[\"https:\/\/hotelvangelder.nl\/de\/allgemeine-geschaftsbedingungen\/\"]}]},{\"@type\":\"BreadcrumbList\",\"@id\":\"https:\/\/hotelvangelder.nl\/de\/allgemeine-geschaftsbedingungen\/#breadcrumb\",\"itemListElement\":[{\"@type\":\"ListItem\",\"position\":1,\"name\":\"Home\",\"item\":\"https:\/\/hotelvangelder.nl\/de\/\"},{\"@type\":\"ListItem\",\"position\":2,\"name\":\"Allgemeine Gesch\u00e4ftsbedingungen\"}]},{\"@type\":\"WebSite\",\"@id\":\"https:\/\/hotelvangelder.nl\/#website\",\"url\":\"https:\/\/hotelvangelder.nl\/\",\"name\":\"Hotel van Gelder\",\"description\":\"En nog een WordPress site\",\"potentialAction\":[{\"@type\":\"SearchAction\",\"target\":{\"@type\":\"EntryPoint\",\"urlTemplate\":\"https:\/\/hotelvangelder.nl\/?s={search_term_string}\"},\"query-input\":{\"@type\":\"PropertyValueSpecification\",\"valueRequired\":true,\"valueName\":\"search_term_string\"}}],\"inLanguage\":\"de\"}]}<\/script>\n<!-- \/ Yoast SEO plugin. -->","yoast_head_json":{"title":"Allgemeine Gesch\u00e4ftsbedingungen | Hotel van Gelder","robots":{"index":"index","follow":"follow","max-snippet":"max-snippet:-1","max-image-preview":"max-image-preview:large","max-video-preview":"max-video-preview:-1"},"canonical":"https:\/\/hotelvangelder.nl\/de\/allgemeine-geschaftsbedingungen\/","og_locale":"de_DE","og_type":"article","og_title":"Allgemeine Gesch\u00e4ftsbedingungen | Hotel van Gelder","og_description":"Servicebeschreibung Diese Website wird von Hotel van Gelder B.V. betrieben. Zweck dieser Website ist es, ihrem Besucher einen \u00dcberblick \u00fcber Hotel van Gelder zu bieten und die Onlinebuchung einer Unterkunft zu erm\u00f6glichen. Auch wenn wir unser M\u00f6glichstes daf\u00fcr getan haben, das s\u00e4mtliche Informationen auf dieser Website korrekt sind, k\u00f6nnen wir nicht garantieren, dass alle Informationen [&hellip;]","og_url":"https:\/\/hotelvangelder.nl\/de\/allgemeine-geschaftsbedingungen\/","og_site_name":"Hotel van Gelder","article_modified_time":"2016-11-25T10:43:02+00:00","twitter_card":"summary_large_image","twitter_misc":{"Gesch\u00e4tzte Lesezeit":"3\u00a0Minuten"},"schema":{"@context":"https:\/\/schema.org","@graph":[{"@type":"WebPage","@id":"https:\/\/hotelvangelder.nl\/de\/allgemeine-geschaftsbedingungen\/","url":"https:\/\/hotelvangelder.nl\/de\/allgemeine-geschaftsbedingungen\/","name":"Allgemeine Gesch\u00e4ftsbedingungen | Hotel van Gelder","isPartOf":{"@id":"https:\/\/hotelvangelder.nl\/#website"},"datePublished":"2016-11-25T08:28:23+00:00","dateModified":"2016-11-25T10:43:02+00:00","breadcrumb":{"@id":"https:\/\/hotelvangelder.nl\/de\/allgemeine-geschaftsbedingungen\/#breadcrumb"},"inLanguage":"de","potentialAction":[{"@type":"ReadAction","target":["https:\/\/hotelvangelder.nl\/de\/allgemeine-geschaftsbedingungen\/"]}]},{"@type":"BreadcrumbList","@id":"https:\/\/hotelvangelder.nl\/de\/allgemeine-geschaftsbedingungen\/#breadcrumb","itemListElement":[{"@type":"ListItem","position":1,"name":"Home","item":"https:\/\/hotelvangelder.nl\/de\/"},{"@type":"ListItem","position":2,"name":"Allgemeine Gesch\u00e4ftsbedingungen"}]},{"@type":"WebSite","@id":"https:\/\/hotelvangelder.nl\/#website","url":"https:\/\/hotelvangelder.nl\/","name":"Hotel van Gelder","description":"En nog een WordPress site","potentialAction":[{"@type":"SearchAction","target":{"@type":"EntryPoint","urlTemplate":"https:\/\/hotelvangelder.nl\/?s={search_term_string}"},"query-input":{"@type":"PropertyValueSpecification","valueRequired":true,"valueName":"search_term_string"}}],"inLanguage":"de"}]}},"_links":{"self":[{"href":"https:\/\/hotelvangelder.nl\/de\/wp-json\/wp\/v2\/pages\/93","targetHints":{"allow":["GET"]}}],"collection":[{"href":"https:\/\/hotelvangelder.nl\/de\/wp-json\/wp\/v2\/pages"}],"about":[{"href":"https:\/\/hotelvangelder.nl\/de\/wp-json\/wp\/v2\/types\/page"}],"author":[{"embeddable":true,"href":"https:\/\/hotelvangelder.nl\/de\/wp-json\/wp\/v2\/users\/1"}],"replies":[{"embeddable":true,"href":"https:\/\/hotelvangelder.nl\/de\/wp-json\/wp\/v2\/comments?post=93"}],"version-history":[{"count":4,"href":"https:\/\/hotelvangelder.nl\/de\/wp-json\/wp\/v2\/pages\/93\/revisions"}],"predecessor-version":[{"id":110,"href":"https:\/\/hotelvangelder.nl\/de\/wp-json\/wp\/v2\/pages\/93\/revisions\/110"}],"wp:attachment":[{"href":"https:\/\/hotelvangelder.nl\/de\/wp-json\/wp\/v2\/media?parent=93"}],"curies":[{"name":"wp","href":"https:\/\/api.w.org\/{rel}","templated":true}]}}