{"id":378,"date":"2016-12-02T14:41:08","date_gmt":"2016-12-02T13:41:08","guid":{"rendered":"http:\/\/hvg.blitskikker.nl\/de\/?page_id=378"},"modified":"2021-10-12T11:59:12","modified_gmt":"2021-10-12T09:59:12","slug":"faq","status":"publish","type":"page","link":"https:\/\/hotelvangelder.nl\/de\/faq\/","title":{"rendered":"FAQ"},"content":{"rendered":"<p><strong>Wie kann ich meine Reservierung \u00e4ndern oder stornieren?<br \/>\n<\/strong>Falls Sie Ihre Reservierung \u00e4ndern oder stornieren m\u00fcssen, kontaktieren Sie bitte umgehend unser Hotel. Abh\u00e4ngig von den Bedingungen k\u00f6nnen einige Buchungen auch online storniert werden, in diesem fall Finden Sie Anweisungen auf der Buchungsbest\u00e4tigung.<\/p>\n<p>Die Daten Ihrer Kreditkarte dienen dem Hotel bis zu Ihrer Ankunft im Hotel als Garantie f\u00fcr Ihre Buchung. Bezahlt wird im Hotel direkt. Eine Stornierung Ihrer Buchung ist bis sp\u00e4testens 1 Tag vor Ihrer Ankunft im Hotel m\u00f6glich. Bitte beachten Sie, dass das Datum der Anreise um 0:00 Uhr (MEZ) beginnt. F\u00fcr jede Buchung, die nicht mindestens 1 Tag vor Ihrer Ankunft storniert wurde, stellt das Hotel die Kosten f\u00fcr die erste \u00dcbernachtung in Rechnung. Im Falle eines No-Show, stellt das Hotel die Kosten f\u00fcr die erste \u00dcbernachtung in Rechnung.<\/p>\n<p><strong>Gibt es WIFI im Hotel?<\/strong><br \/>\nEs gibt WIFI im Hotel.<\/p>\n<p><strong>Gibt es ein \u00f6ffentlicher Computer f\u00fcr G\u00e4ste an der Rezeption?<\/strong><br \/>\nNein, es gibt kein \u00f6ffentlicher Computer. An der Rezeption k\u00f6nnen sie Boardingpasses und Tickets f\u00fcr Sie drucken.<\/p>\n<p><strong>Gibt es Handt\u00fccher im Zimmer?<\/strong><br \/>\nJa, auf jeden Zimmer gibt es 2 Handt\u00fccher pro Person, die jeden Tag bei Bedarf ausgetauscht werden k\u00f6nnen.<\/p>\n<p><strong>Gibt es ein F\u00f6n im Zimmer?<\/strong><br \/>\nNein nicht im Zimmer, aber auf Anfrage k\u00f6nnen Sie einen F\u00f6n kostenlos an der Rezeption leihen.<\/p>\n<p><strong>Gibt es ein B\u00fcgeleisen im Zimmer?<\/strong><br \/>\nNein nicht im Zimmer, aber auf Anfrage k\u00f6nnen Sie einen B\u00fcgeleisen kostenlos an der Rezeption leihen.<\/p>\n<p><strong>Verf\u00fcgt hotel van gelder \u00fcber einen Abholservice vom Flughafen?<\/strong><br \/>\nNein, vom Flughafen ist es sehr einfach mit dem Zug zum Hauptbahnhof, 5 Minuten vom Hotel entfernt.<\/p>\n<p><strong>Sind Haustiere erlaubt im Hotel?<\/strong><br \/>\nHaustiere sind nicht erlaubt im Hotel<\/p>\n<p><strong>Ist rauchen erlaubt in die Zimmer?<\/strong><br \/>\nNein, alle Zimmer sind Nichtraucherzimmer<\/p>\n<p><strong>Verf\u00fcgt das Hotel \u00fcber ein Kinderbett oder Zustellbett f\u00fcr im Zimmer?<\/strong><br \/>\nJa. Zu ein Aufpreis pro Nacht k\u00f6nnen wir auf Anfrage ein Babybett im Zimmer platzieren und \/ oder wenn die Zimmer es erm\u00f6glicht ein zus\u00e4tzliches Bett.<\/p>\n<p><strong>Ist das Hotel geeignet f\u00fcr behinderte Menschen?<\/strong><br \/>\nNein. Es gibt keinen Aufzug im Hotel und das Hotel basiert auf der 1. Etage. Denken Sie an mehrere Schritte, keine speziellen Anpassungen f\u00fcr Zimmer, schmale Flure und Treppen.<\/p>\n","protected":false},"excerpt":{"rendered":"<p>Wie kann ich meine Reservierung \u00e4ndern oder stornieren? Falls Sie Ihre Reservierung \u00e4ndern oder stornieren m\u00fcssen, kontaktieren Sie bitte umgehend unser Hotel. Abh\u00e4ngig von den Bedingungen k\u00f6nnen einige Buchungen auch online storniert werden, in diesem fall Finden Sie Anweisungen auf der Buchungsbest\u00e4tigung. Die Daten Ihrer Kreditkarte dienen dem Hotel bis zu Ihrer Ankunft im Hotel [&hellip;]<\/p>\n","protected":false},"author":1,"featured_media":0,"parent":0,"menu_order":0,"comment_status":"closed","ping_status":"closed","template":"","meta":{"_acf_changed":false,"footnotes":""},"class_list":["post-378","page","type-page","status-publish","hentry"],"acf":[],"yoast_head":"<!-- This site is optimized with the Yoast SEO plugin v26.8 - https:\/\/yoast.com\/product\/yoast-seo-wordpress\/ -->\n<title>FAQ | Hotel van Gelder<\/title>\n<meta name=\"robots\" content=\"index, follow, max-snippet:-1, max-image-preview:large, max-video-preview:-1\" \/>\n<link rel=\"canonical\" href=\"https:\/\/hotelvangelder.nl\/de\/faq\/\" \/>\n<meta property=\"og:locale\" content=\"de_DE\" \/>\n<meta property=\"og:type\" content=\"article\" \/>\n<meta property=\"og:title\" content=\"FAQ | Hotel van Gelder\" \/>\n<meta property=\"og:description\" content=\"Wie kann ich meine Reservierung \u00e4ndern oder stornieren? Falls Sie Ihre Reservierung \u00e4ndern oder stornieren m\u00fcssen, kontaktieren Sie bitte umgehend unser Hotel. Abh\u00e4ngig von den Bedingungen k\u00f6nnen einige Buchungen auch online storniert werden, in diesem fall Finden Sie Anweisungen auf der Buchungsbest\u00e4tigung. Die Daten Ihrer Kreditkarte dienen dem Hotel bis zu Ihrer Ankunft im Hotel [&hellip;]\" \/>\n<meta property=\"og:url\" content=\"https:\/\/hotelvangelder.nl\/de\/faq\/\" \/>\n<meta property=\"og:site_name\" content=\"Hotel van Gelder\" \/>\n<meta property=\"article:modified_time\" content=\"2021-10-12T09:59:12+00:00\" \/>\n<meta name=\"twitter:card\" content=\"summary_large_image\" \/>\n<meta name=\"twitter:label1\" content=\"Gesch\u00e4tzte Lesezeit\" \/>\n\t<meta name=\"twitter:data1\" content=\"2\u00a0Minuten\" \/>\n<script type=\"application\/ld+json\" class=\"yoast-schema-graph\">{\"@context\":\"https:\/\/schema.org\",\"@graph\":[{\"@type\":\"WebPage\",\"@id\":\"https:\/\/hotelvangelder.nl\/de\/faq\/\",\"url\":\"https:\/\/hotelvangelder.nl\/de\/faq\/\",\"name\":\"FAQ | Hotel van Gelder\",\"isPartOf\":{\"@id\":\"https:\/\/hotelvangelder.nl\/#website\"},\"datePublished\":\"2016-12-02T13:41:08+00:00\",\"dateModified\":\"2021-10-12T09:59:12+00:00\",\"breadcrumb\":{\"@id\":\"https:\/\/hotelvangelder.nl\/de\/faq\/#breadcrumb\"},\"inLanguage\":\"de\",\"potentialAction\":[{\"@type\":\"ReadAction\",\"target\":[\"https:\/\/hotelvangelder.nl\/de\/faq\/\"]}]},{\"@type\":\"BreadcrumbList\",\"@id\":\"https:\/\/hotelvangelder.nl\/de\/faq\/#breadcrumb\",\"itemListElement\":[{\"@type\":\"ListItem\",\"position\":1,\"name\":\"Home\",\"item\":\"https:\/\/hotelvangelder.nl\/de\/\"},{\"@type\":\"ListItem\",\"position\":2,\"name\":\"FAQ\"}]},{\"@type\":\"WebSite\",\"@id\":\"https:\/\/hotelvangelder.nl\/#website\",\"url\":\"https:\/\/hotelvangelder.nl\/\",\"name\":\"Hotel van Gelder\",\"description\":\"En nog een WordPress site\",\"potentialAction\":[{\"@type\":\"SearchAction\",\"target\":{\"@type\":\"EntryPoint\",\"urlTemplate\":\"https:\/\/hotelvangelder.nl\/?s={search_term_string}\"},\"query-input\":{\"@type\":\"PropertyValueSpecification\",\"valueRequired\":true,\"valueName\":\"search_term_string\"}}],\"inLanguage\":\"de\"}]}<\/script>\n<!-- \/ Yoast SEO plugin. -->","yoast_head_json":{"title":"FAQ | Hotel van Gelder","robots":{"index":"index","follow":"follow","max-snippet":"max-snippet:-1","max-image-preview":"max-image-preview:large","max-video-preview":"max-video-preview:-1"},"canonical":"https:\/\/hotelvangelder.nl\/de\/faq\/","og_locale":"de_DE","og_type":"article","og_title":"FAQ | Hotel van Gelder","og_description":"Wie kann ich meine Reservierung \u00e4ndern oder stornieren? Falls Sie Ihre Reservierung \u00e4ndern oder stornieren m\u00fcssen, kontaktieren Sie bitte umgehend unser Hotel. Abh\u00e4ngig von den Bedingungen k\u00f6nnen einige Buchungen auch online storniert werden, in diesem fall Finden Sie Anweisungen auf der Buchungsbest\u00e4tigung. Die Daten Ihrer Kreditkarte dienen dem Hotel bis zu Ihrer Ankunft im Hotel [&hellip;]","og_url":"https:\/\/hotelvangelder.nl\/de\/faq\/","og_site_name":"Hotel van Gelder","article_modified_time":"2021-10-12T09:59:12+00:00","twitter_card":"summary_large_image","twitter_misc":{"Gesch\u00e4tzte Lesezeit":"2\u00a0Minuten"},"schema":{"@context":"https:\/\/schema.org","@graph":[{"@type":"WebPage","@id":"https:\/\/hotelvangelder.nl\/de\/faq\/","url":"https:\/\/hotelvangelder.nl\/de\/faq\/","name":"FAQ | Hotel van Gelder","isPartOf":{"@id":"https:\/\/hotelvangelder.nl\/#website"},"datePublished":"2016-12-02T13:41:08+00:00","dateModified":"2021-10-12T09:59:12+00:00","breadcrumb":{"@id":"https:\/\/hotelvangelder.nl\/de\/faq\/#breadcrumb"},"inLanguage":"de","potentialAction":[{"@type":"ReadAction","target":["https:\/\/hotelvangelder.nl\/de\/faq\/"]}]},{"@type":"BreadcrumbList","@id":"https:\/\/hotelvangelder.nl\/de\/faq\/#breadcrumb","itemListElement":[{"@type":"ListItem","position":1,"name":"Home","item":"https:\/\/hotelvangelder.nl\/de\/"},{"@type":"ListItem","position":2,"name":"FAQ"}]},{"@type":"WebSite","@id":"https:\/\/hotelvangelder.nl\/#website","url":"https:\/\/hotelvangelder.nl\/","name":"Hotel van Gelder","description":"En nog een WordPress site","potentialAction":[{"@type":"SearchAction","target":{"@type":"EntryPoint","urlTemplate":"https:\/\/hotelvangelder.nl\/?s={search_term_string}"},"query-input":{"@type":"PropertyValueSpecification","valueRequired":true,"valueName":"search_term_string"}}],"inLanguage":"de"}]}},"_links":{"self":[{"href":"https:\/\/hotelvangelder.nl\/de\/wp-json\/wp\/v2\/pages\/378","targetHints":{"allow":["GET"]}}],"collection":[{"href":"https:\/\/hotelvangelder.nl\/de\/wp-json\/wp\/v2\/pages"}],"about":[{"href":"https:\/\/hotelvangelder.nl\/de\/wp-json\/wp\/v2\/types\/page"}],"author":[{"embeddable":true,"href":"https:\/\/hotelvangelder.nl\/de\/wp-json\/wp\/v2\/users\/1"}],"replies":[{"embeddable":true,"href":"https:\/\/hotelvangelder.nl\/de\/wp-json\/wp\/v2\/comments?post=378"}],"version-history":[{"count":5,"href":"https:\/\/hotelvangelder.nl\/de\/wp-json\/wp\/v2\/pages\/378\/revisions"}],"predecessor-version":[{"id":881,"href":"https:\/\/hotelvangelder.nl\/de\/wp-json\/wp\/v2\/pages\/378\/revisions\/881"}],"wp:attachment":[{"href":"https:\/\/hotelvangelder.nl\/de\/wp-json\/wp\/v2\/media?parent=378"}],"curies":[{"name":"wp","href":"https:\/\/api.w.org\/{rel}","templated":true}]}}