{"id":252,"date":"2016-11-28T11:40:13","date_gmt":"2016-11-28T10:40:13","guid":{"rendered":"http:\/\/hvg.blitskikker.nl\/?page_id=252"},"modified":"2025-04-19T11:01:22","modified_gmt":"2025-04-19T09:01:22","slug":"ort","status":"publish","type":"page","link":"https:\/\/hotelvangelder.nl\/de\/ort\/","title":{"rendered":"Ort"},"content":{"rendered":"<p>Das Hotel befindet sich am Damrak 34 mitten im Zentrum von Amsterdam. Vom Hotel aus sind es nur wenige Minuten zu Fu\u00df zum Hauptbahnhof, das K\u00fcnstlerviertel Jordaan, das Anne Frank Haus, die Gesch\u00e4fte, pulsierendes Nachtleben, der Rijksmuseum und viele andere Dinge die Sie unbedingt unternehmen sollten. Mit ihrem kompakten Center k\u00f6nnen Sie alle Sehensw\u00fcrdigkeiten zu Fu\u00df leicht erreichen. Mit vielen Grachten, Eye-Candy-Architektur zum fotografieren und unz\u00e4hligen gem\u00fctlichen Caf\u00e9s f\u00fcr Pausen auf dem Weg bietet Amsterdam ausgiebiges Sightseeing zu Fu\u00df. Wenn Sie m\u00fcde werden sind \u00f6ffentliche Verkehrsmittel eine gute Alternative. Andere Verkehrsmittel die wir empfehlen k\u00f6nnen, sind ein Stadtfahrrad, Rundfahrtboot oder das Wasserfahrrad. Die sch\u00f6nsten Ansichten von Amsterdam k\u00f6nnen vom Wasser gesehen werden. Die Rundfahrtboote fahren gegen\u00fcber dem Hotel ab. Unter dem Hotel gibt es ein Tourismus &amp; Reiseb\u00fcro, wo Sie allerhand Exkursionen in Amsterdam oder Ausfl\u00fcge zu interessante Pl\u00e4tzen in den Niederlanden reservieren k\u00f6nnen.<\/p>\n<h2>Von Flughafen<\/h2>\n<p>Amsterdam Schiphol, Europa\u2018s gr\u00f6\u00dfte Flughafen, ist Ihr Eintritt zu Amsterdam. Der Zug zum Hauptbahnhof von Amsterdam ist die bequemste Form des Transports vom Flughafen. Der Bahnhof ist deutlich gekennzeichnet und befindet sich in Schiphol Plaza im Zentrum des Flughafens. Tickets f\u00fcr Amsterdam Hauptbahnhof (Hinfahrt 2nd-Klasse ist etwa 45EUR) k\u00f6nnen Sie bequem mit einer Kreditkarte bei den gelben Kassen oder bei Dutch Railway Ticket Counter kaufen. Verlassen Sie Amsterdam Hauptbahnhof beim Haupteingang. Mit das Bahnhofsgeb\u00e4ude hinter Ihnen gehen Sie geradeaus. \u00dcberqueren Sie die Br\u00fccke, dann \u00fcberqueren die Stra\u00dfe an der Ampel und Sie finden sich auf der Damrak, die Hauptstra\u00dfe, nur wenige Schritte entfernt vom Hotel van Gelder. Zum Fu\u00df ist es nur 250 Meter. Hotel van Gelder finden Sie an der Hausnummer 34 (max. 5 Minuten).<\/p>\n<h2><strong>Parkplatz:<\/strong><\/h2>\n<p>&#8222;Sie kommen mit dem Auto? Durch unsere Zusammenarbeit mit Q-Park k\u00f6nnen Sie kosteng\u00fcnstig im Q-Park Nieuwendijk parken, der nur 2 Gehminuten vom Hotel entfernt ist. Eine Reservierung im Voraus ist erforderlich. \u00dcber unsere Website k\u00f6nnen Sie diesen Parkplatz pro Tag (24 Stunden) reservieren. Auf diese Weise k\u00f6nnen Sie in der N\u00e4he des Hotels parken, haben einen sicheren Parkplatz und m\u00fcssen nicht mehr zu den Kassenautomaten gehen. Die Ein- und Ausfahrt erfolgt ganz einfach anhand des Kennzeichens. Buchen Sie Ihren Parkplatz <a href=\"https:\/\/www.q-park.nl\/nl-nl\/parkeren\/amsterdam\/ams-hotel-van-gelder\/?utm_source=hiddendeal&amp;utm_medium=organic&amp;utm_campaign=vangelder&amp;utm_term=hotel\">hier!\u00a0<\/a><\/p>\n<h2>Taxi:<\/h2>\n<p>Ein Taxi vom Flughafen zum Hotel kostet etwa 60,-<\/p>\n","protected":false},"excerpt":{"rendered":"<p>Das Hotel befindet sich am Damrak 34 mitten im Zentrum von Amsterdam. Vom Hotel aus sind es nur wenige Minuten zu Fu\u00df zum Hauptbahnhof, das K\u00fcnstlerviertel Jordaan, das Anne Frank Haus, die Gesch\u00e4fte, pulsierendes Nachtleben, der Rijksmuseum und viele andere Dinge die Sie unbedingt unternehmen sollten. Mit ihrem kompakten Center k\u00f6nnen Sie alle Sehensw\u00fcrdigkeiten zu [&hellip;]<\/p>\n","protected":false},"author":1,"featured_media":0,"parent":0,"menu_order":0,"comment_status":"closed","ping_status":"closed","template":"","meta":{"_acf_changed":false,"footnotes":""},"class_list":["post-252","page","type-page","status-publish","hentry"],"acf":[],"yoast_head":"<!-- This site is optimized with the Yoast SEO plugin v26.8 - https:\/\/yoast.com\/product\/yoast-seo-wordpress\/ -->\n<title>Ort | Hotel van Gelder<\/title>\n<meta name=\"robots\" content=\"index, follow, max-snippet:-1, max-image-preview:large, max-video-preview:-1\" \/>\n<link rel=\"canonical\" href=\"https:\/\/hotelvangelder.nl\/de\/ort\/\" \/>\n<meta property=\"og:locale\" content=\"de_DE\" \/>\n<meta property=\"og:type\" content=\"article\" \/>\n<meta property=\"og:title\" content=\"Ort | Hotel van Gelder\" \/>\n<meta property=\"og:description\" content=\"Das Hotel befindet sich am Damrak 34 mitten im Zentrum von Amsterdam. Vom Hotel aus sind es nur wenige Minuten zu Fu\u00df zum Hauptbahnhof, das K\u00fcnstlerviertel Jordaan, das Anne Frank Haus, die Gesch\u00e4fte, pulsierendes Nachtleben, der Rijksmuseum und viele andere Dinge die Sie unbedingt unternehmen sollten. Mit ihrem kompakten Center k\u00f6nnen Sie alle Sehensw\u00fcrdigkeiten zu [&hellip;]\" \/>\n<meta property=\"og:url\" content=\"https:\/\/hotelvangelder.nl\/de\/ort\/\" \/>\n<meta property=\"og:site_name\" content=\"Hotel van Gelder\" \/>\n<meta property=\"article:modified_time\" content=\"2025-04-19T09:01:22+00:00\" \/>\n<meta name=\"twitter:card\" content=\"summary_large_image\" \/>\n<meta name=\"twitter:label1\" content=\"Gesch\u00e4tzte Lesezeit\" \/>\n\t<meta name=\"twitter:data1\" content=\"2\u00a0Minuten\" \/>\n<script type=\"application\/ld+json\" class=\"yoast-schema-graph\">{\"@context\":\"https:\/\/schema.org\",\"@graph\":[{\"@type\":\"WebPage\",\"@id\":\"https:\/\/hotelvangelder.nl\/de\/ort\/\",\"url\":\"https:\/\/hotelvangelder.nl\/de\/ort\/\",\"name\":\"Ort | Hotel van Gelder\",\"isPartOf\":{\"@id\":\"https:\/\/hotelvangelder.nl\/#website\"},\"datePublished\":\"2016-11-28T10:40:13+00:00\",\"dateModified\":\"2025-04-19T09:01:22+00:00\",\"breadcrumb\":{\"@id\":\"https:\/\/hotelvangelder.nl\/de\/ort\/#breadcrumb\"},\"inLanguage\":\"de\",\"potentialAction\":[{\"@type\":\"ReadAction\",\"target\":[\"https:\/\/hotelvangelder.nl\/de\/ort\/\"]}]},{\"@type\":\"BreadcrumbList\",\"@id\":\"https:\/\/hotelvangelder.nl\/de\/ort\/#breadcrumb\",\"itemListElement\":[{\"@type\":\"ListItem\",\"position\":1,\"name\":\"Home\",\"item\":\"https:\/\/hotelvangelder.nl\/de\/\"},{\"@type\":\"ListItem\",\"position\":2,\"name\":\"Ort\"}]},{\"@type\":\"WebSite\",\"@id\":\"https:\/\/hotelvangelder.nl\/#website\",\"url\":\"https:\/\/hotelvangelder.nl\/\",\"name\":\"Hotel van Gelder\",\"description\":\"En nog een WordPress site\",\"potentialAction\":[{\"@type\":\"SearchAction\",\"target\":{\"@type\":\"EntryPoint\",\"urlTemplate\":\"https:\/\/hotelvangelder.nl\/?s={search_term_string}\"},\"query-input\":{\"@type\":\"PropertyValueSpecification\",\"valueRequired\":true,\"valueName\":\"search_term_string\"}}],\"inLanguage\":\"de\"}]}<\/script>\n<!-- \/ Yoast SEO plugin. -->","yoast_head_json":{"title":"Ort | Hotel van Gelder","robots":{"index":"index","follow":"follow","max-snippet":"max-snippet:-1","max-image-preview":"max-image-preview:large","max-video-preview":"max-video-preview:-1"},"canonical":"https:\/\/hotelvangelder.nl\/de\/ort\/","og_locale":"de_DE","og_type":"article","og_title":"Ort | Hotel van Gelder","og_description":"Das Hotel befindet sich am Damrak 34 mitten im Zentrum von Amsterdam. Vom Hotel aus sind es nur wenige Minuten zu Fu\u00df zum Hauptbahnhof, das K\u00fcnstlerviertel Jordaan, das Anne Frank Haus, die Gesch\u00e4fte, pulsierendes Nachtleben, der Rijksmuseum und viele andere Dinge die Sie unbedingt unternehmen sollten. Mit ihrem kompakten Center k\u00f6nnen Sie alle Sehensw\u00fcrdigkeiten zu [&hellip;]","og_url":"https:\/\/hotelvangelder.nl\/de\/ort\/","og_site_name":"Hotel van Gelder","article_modified_time":"2025-04-19T09:01:22+00:00","twitter_card":"summary_large_image","twitter_misc":{"Gesch\u00e4tzte Lesezeit":"2\u00a0Minuten"},"schema":{"@context":"https:\/\/schema.org","@graph":[{"@type":"WebPage","@id":"https:\/\/hotelvangelder.nl\/de\/ort\/","url":"https:\/\/hotelvangelder.nl\/de\/ort\/","name":"Ort | Hotel van Gelder","isPartOf":{"@id":"https:\/\/hotelvangelder.nl\/#website"},"datePublished":"2016-11-28T10:40:13+00:00","dateModified":"2025-04-19T09:01:22+00:00","breadcrumb":{"@id":"https:\/\/hotelvangelder.nl\/de\/ort\/#breadcrumb"},"inLanguage":"de","potentialAction":[{"@type":"ReadAction","target":["https:\/\/hotelvangelder.nl\/de\/ort\/"]}]},{"@type":"BreadcrumbList","@id":"https:\/\/hotelvangelder.nl\/de\/ort\/#breadcrumb","itemListElement":[{"@type":"ListItem","position":1,"name":"Home","item":"https:\/\/hotelvangelder.nl\/de\/"},{"@type":"ListItem","position":2,"name":"Ort"}]},{"@type":"WebSite","@id":"https:\/\/hotelvangelder.nl\/#website","url":"https:\/\/hotelvangelder.nl\/","name":"Hotel van Gelder","description":"En nog een WordPress site","potentialAction":[{"@type":"SearchAction","target":{"@type":"EntryPoint","urlTemplate":"https:\/\/hotelvangelder.nl\/?s={search_term_string}"},"query-input":{"@type":"PropertyValueSpecification","valueRequired":true,"valueName":"search_term_string"}}],"inLanguage":"de"}]}},"_links":{"self":[{"href":"https:\/\/hotelvangelder.nl\/de\/wp-json\/wp\/v2\/pages\/252","targetHints":{"allow":["GET"]}}],"collection":[{"href":"https:\/\/hotelvangelder.nl\/de\/wp-json\/wp\/v2\/pages"}],"about":[{"href":"https:\/\/hotelvangelder.nl\/de\/wp-json\/wp\/v2\/types\/page"}],"author":[{"embeddable":true,"href":"https:\/\/hotelvangelder.nl\/de\/wp-json\/wp\/v2\/users\/1"}],"replies":[{"embeddable":true,"href":"https:\/\/hotelvangelder.nl\/de\/wp-json\/wp\/v2\/comments?post=252"}],"version-history":[{"count":5,"href":"https:\/\/hotelvangelder.nl\/de\/wp-json\/wp\/v2\/pages\/252\/revisions"}],"predecessor-version":[{"id":1358,"href":"https:\/\/hotelvangelder.nl\/de\/wp-json\/wp\/v2\/pages\/252\/revisions\/1358"}],"wp:attachment":[{"href":"https:\/\/hotelvangelder.nl\/de\/wp-json\/wp\/v2\/media?parent=252"}],"curies":[{"name":"wp","href":"https:\/\/api.w.org\/{rel}","templated":true}]}}