{"id":241,"date":"2016-11-28T11:36:04","date_gmt":"2016-11-28T10:36:04","guid":{"rendered":"http:\/\/hvg.blitskikker.nl\/?page_id=241"},"modified":"2021-10-12T12:29:59","modified_gmt":"2021-10-12T10:29:59","slug":"hotel-van-gelder","status":"publish","type":"page","link":"https:\/\/hotelvangelder.nl\/de\/hotel-van-gelder\/","title":{"rendered":"Hotel van Gelder"},"content":{"rendered":"<p>Hotel van Gelder ist ein gem\u00fctliches Hotel g\u00fcnstig gelegen in der Innenstadt. Schiphol Flughafen ist in 15 Minuten mit dem Zug erreichbar. Es garantiert eine pers\u00f6nliche Atmosph\u00e4re, Gastfreundschaft, Komfort und gute Einrichtungen f\u00fcr einen fairen Preis. Nur einige Minuten trennen das Hotel von feinen Restaurants, Gesch\u00e4fte und Unterhaltung.<\/p>\n<h2>Zimmer<\/h2>\n<p>Hotel van Gelder bietet Ihnen 32 geschmackvoll eingerichtete Zimmer. Alle Zimmer verf\u00fcgen \u00fcber eigene Dusche und Toilette und sind mit Telefon, Farbefernseher\u00a0 und einen Safe ausgestattet, 24-Stunden-Rezeption und eine angenehme Bar f\u00fcr G\u00e4ste.<\/p>\n<h2>Gastronomie<\/h2>\n<p>Es gibt keine M\u00f6glichkeiten Fr\u00fchst\u00fcck, Mittag- oder Abendessen zu nutzen, aber in der nahen Umgebung gibt es mehr als reichlich Bars &amp; Restaurants. Die gem\u00fctliche Hotelbar ist bis 23.30 Uhr ge\u00f6ffnet.<\/p>\n<h2>Einrichtungen<\/h2>\n<p>Gem\u00fctliche Bar<br \/>\nSafe<br \/>\nRezeption 24 Stunde ge\u00f6ffnet<br \/>\nKostenloses Wi-Fi in der Rezeption<br \/>\nFarbefernseher<br \/>\nTelefon<br \/>\nFax \/Letter box<br \/>\nSehr saubere Zimmer<br \/>\nTourismus &amp; Reiseb\u00fcro um Ausfl\u00fcge zu reservieren 50 Meter vom Hotel entfernt<\/p>\n<h2>AMSTERDAM<\/h2>\n<p>Amsterdam wird oft als einer der buntesten St\u00e4dte der Welt bezeichnet. Und das zu Recht! Wo sonst finden Sie so viele Orte von Interesse, ber\u00fchmte Museen, gem\u00fctliche Pubs und tolle Gesch\u00e4fte und M\u00e4rkte. Amsterdam ist eine lebhafte multikulturelle Stadt, wo Sie genie\u00dfen k\u00f6nnen von allerhand Theater, von Live-Musik, von historischer und moderner Kunst, von Festivals und Stra\u00dfenvorstellungen. Mit ihrem kompakten Center k\u00f6nnen Sie alle Sehensw\u00fcrdigkeiten zu Fu\u00df leicht erreichen. Mit vielen Grachten, Eye-Candy-Architektur zum fotografieren und unz\u00e4hligen gem\u00fctlichen Caf\u00e9s f\u00fcr Pausen auf dem Weg bietet Amsterdam ausgiebiges Sightseeing zu Fu\u00df.<\/p>\n<p>Wenn Sie m\u00fcde werden sind \u00f6ffentliche Verkehrsmittel eine gute Alternative. Andere Verkehrsmittel die wir empfehlen k\u00f6nnen, sind ein Stadtfahrrad, Rundfahrtboot oder das Wasserfahrrad. Die sch\u00f6nsten Ansichten von Amsterdam k\u00f6nnen vom Wasser gesehen werden. Die Rundfahrtboote fahren gegen\u00fcber dem Hotel ab. Unter dem Hotel gibt es ein Tourismus &amp; Reiseb\u00fcro, wo Sie allerhand Exkursionen in Amsterdam oder Ausfl\u00fcge zu interessante Pl\u00e4tzen in den Niederlanden reservieren k\u00f6nnen. Die Busse f\u00fcr die Ausfl\u00fcge fahren gegen\u00fcber dem Hotel ab. Unbedingt zu empfehlen ist auch ein Besuch an Amsterdams weltber\u00fchmtem Museumsviertel wie das ber\u00fchmtes Van Gogh-Museum, das Rijksmuseum und Anne Frank Haus.<\/p>\n","protected":false},"excerpt":{"rendered":"<p>Hotel van Gelder ist ein gem\u00fctliches Hotel g\u00fcnstig gelegen in der Innenstadt. Schiphol Flughafen ist in 15 Minuten mit dem Zug erreichbar. Es garantiert eine pers\u00f6nliche Atmosph\u00e4re, Gastfreundschaft, Komfort und gute Einrichtungen f\u00fcr einen fairen Preis. Nur einige Minuten trennen das Hotel von feinen Restaurants, Gesch\u00e4fte und Unterhaltung. Zimmer Hotel van Gelder bietet Ihnen 32 [&hellip;]<\/p>\n","protected":false},"author":1,"featured_media":0,"parent":0,"menu_order":0,"comment_status":"closed","ping_status":"closed","template":"","meta":{"_acf_changed":false,"footnotes":""},"class_list":["post-241","page","type-page","status-publish","hentry"],"acf":[],"yoast_head":"<!-- This site is optimized with the Yoast SEO plugin v26.8 - https:\/\/yoast.com\/product\/yoast-seo-wordpress\/ -->\n<title>Hotel van Gelder | Hotel van Gelder<\/title>\n<meta name=\"robots\" content=\"index, follow, max-snippet:-1, max-image-preview:large, max-video-preview:-1\" \/>\n<link rel=\"canonical\" href=\"https:\/\/hotelvangelder.nl\/de\/hotel-van-gelder\/\" \/>\n<meta property=\"og:locale\" content=\"de_DE\" \/>\n<meta property=\"og:type\" content=\"article\" \/>\n<meta property=\"og:title\" content=\"Hotel van Gelder | Hotel van Gelder\" \/>\n<meta property=\"og:description\" content=\"Hotel van Gelder ist ein gem\u00fctliches Hotel g\u00fcnstig gelegen in der Innenstadt. Schiphol Flughafen ist in 15 Minuten mit dem Zug erreichbar. Es garantiert eine pers\u00f6nliche Atmosph\u00e4re, Gastfreundschaft, Komfort und gute Einrichtungen f\u00fcr einen fairen Preis. Nur einige Minuten trennen das Hotel von feinen Restaurants, Gesch\u00e4fte und Unterhaltung. Zimmer Hotel van Gelder bietet Ihnen 32 [&hellip;]\" \/>\n<meta property=\"og:url\" content=\"https:\/\/hotelvangelder.nl\/de\/hotel-van-gelder\/\" \/>\n<meta property=\"og:site_name\" content=\"Hotel van Gelder\" \/>\n<meta property=\"article:modified_time\" content=\"2021-10-12T10:29:59+00:00\" \/>\n<meta name=\"twitter:card\" content=\"summary_large_image\" \/>\n<meta name=\"twitter:label1\" content=\"Gesch\u00e4tzte Lesezeit\" \/>\n\t<meta name=\"twitter:data1\" content=\"2\u00a0Minuten\" \/>\n<script type=\"application\/ld+json\" class=\"yoast-schema-graph\">{\"@context\":\"https:\/\/schema.org\",\"@graph\":[{\"@type\":\"WebPage\",\"@id\":\"https:\/\/hotelvangelder.nl\/de\/hotel-van-gelder\/\",\"url\":\"https:\/\/hotelvangelder.nl\/de\/hotel-van-gelder\/\",\"name\":\"Hotel van Gelder | Hotel van Gelder\",\"isPartOf\":{\"@id\":\"https:\/\/hotelvangelder.nl\/#website\"},\"datePublished\":\"2016-11-28T10:36:04+00:00\",\"dateModified\":\"2021-10-12T10:29:59+00:00\",\"breadcrumb\":{\"@id\":\"https:\/\/hotelvangelder.nl\/de\/hotel-van-gelder\/#breadcrumb\"},\"inLanguage\":\"de\",\"potentialAction\":[{\"@type\":\"ReadAction\",\"target\":[\"https:\/\/hotelvangelder.nl\/de\/hotel-van-gelder\/\"]}]},{\"@type\":\"BreadcrumbList\",\"@id\":\"https:\/\/hotelvangelder.nl\/de\/hotel-van-gelder\/#breadcrumb\",\"itemListElement\":[{\"@type\":\"ListItem\",\"position\":1,\"name\":\"Home\",\"item\":\"https:\/\/hotelvangelder.nl\/de\/\"},{\"@type\":\"ListItem\",\"position\":2,\"name\":\"Hotel van Gelder\"}]},{\"@type\":\"WebSite\",\"@id\":\"https:\/\/hotelvangelder.nl\/#website\",\"url\":\"https:\/\/hotelvangelder.nl\/\",\"name\":\"Hotel van Gelder\",\"description\":\"En nog een WordPress site\",\"potentialAction\":[{\"@type\":\"SearchAction\",\"target\":{\"@type\":\"EntryPoint\",\"urlTemplate\":\"https:\/\/hotelvangelder.nl\/?s={search_term_string}\"},\"query-input\":{\"@type\":\"PropertyValueSpecification\",\"valueRequired\":true,\"valueName\":\"search_term_string\"}}],\"inLanguage\":\"de\"}]}<\/script>\n<!-- \/ Yoast SEO plugin. -->","yoast_head_json":{"title":"Hotel van Gelder | Hotel van Gelder","robots":{"index":"index","follow":"follow","max-snippet":"max-snippet:-1","max-image-preview":"max-image-preview:large","max-video-preview":"max-video-preview:-1"},"canonical":"https:\/\/hotelvangelder.nl\/de\/hotel-van-gelder\/","og_locale":"de_DE","og_type":"article","og_title":"Hotel van Gelder | Hotel van Gelder","og_description":"Hotel van Gelder ist ein gem\u00fctliches Hotel g\u00fcnstig gelegen in der Innenstadt. Schiphol Flughafen ist in 15 Minuten mit dem Zug erreichbar. Es garantiert eine pers\u00f6nliche Atmosph\u00e4re, Gastfreundschaft, Komfort und gute Einrichtungen f\u00fcr einen fairen Preis. Nur einige Minuten trennen das Hotel von feinen Restaurants, Gesch\u00e4fte und Unterhaltung. Zimmer Hotel van Gelder bietet Ihnen 32 [&hellip;]","og_url":"https:\/\/hotelvangelder.nl\/de\/hotel-van-gelder\/","og_site_name":"Hotel van Gelder","article_modified_time":"2021-10-12T10:29:59+00:00","twitter_card":"summary_large_image","twitter_misc":{"Gesch\u00e4tzte Lesezeit":"2\u00a0Minuten"},"schema":{"@context":"https:\/\/schema.org","@graph":[{"@type":"WebPage","@id":"https:\/\/hotelvangelder.nl\/de\/hotel-van-gelder\/","url":"https:\/\/hotelvangelder.nl\/de\/hotel-van-gelder\/","name":"Hotel van Gelder | Hotel van Gelder","isPartOf":{"@id":"https:\/\/hotelvangelder.nl\/#website"},"datePublished":"2016-11-28T10:36:04+00:00","dateModified":"2021-10-12T10:29:59+00:00","breadcrumb":{"@id":"https:\/\/hotelvangelder.nl\/de\/hotel-van-gelder\/#breadcrumb"},"inLanguage":"de","potentialAction":[{"@type":"ReadAction","target":["https:\/\/hotelvangelder.nl\/de\/hotel-van-gelder\/"]}]},{"@type":"BreadcrumbList","@id":"https:\/\/hotelvangelder.nl\/de\/hotel-van-gelder\/#breadcrumb","itemListElement":[{"@type":"ListItem","position":1,"name":"Home","item":"https:\/\/hotelvangelder.nl\/de\/"},{"@type":"ListItem","position":2,"name":"Hotel van Gelder"}]},{"@type":"WebSite","@id":"https:\/\/hotelvangelder.nl\/#website","url":"https:\/\/hotelvangelder.nl\/","name":"Hotel van Gelder","description":"En nog een WordPress site","potentialAction":[{"@type":"SearchAction","target":{"@type":"EntryPoint","urlTemplate":"https:\/\/hotelvangelder.nl\/?s={search_term_string}"},"query-input":{"@type":"PropertyValueSpecification","valueRequired":true,"valueName":"search_term_string"}}],"inLanguage":"de"}]}},"_links":{"self":[{"href":"https:\/\/hotelvangelder.nl\/de\/wp-json\/wp\/v2\/pages\/241","targetHints":{"allow":["GET"]}}],"collection":[{"href":"https:\/\/hotelvangelder.nl\/de\/wp-json\/wp\/v2\/pages"}],"about":[{"href":"https:\/\/hotelvangelder.nl\/de\/wp-json\/wp\/v2\/types\/page"}],"author":[{"embeddable":true,"href":"https:\/\/hotelvangelder.nl\/de\/wp-json\/wp\/v2\/users\/1"}],"replies":[{"embeddable":true,"href":"https:\/\/hotelvangelder.nl\/de\/wp-json\/wp\/v2\/comments?post=241"}],"version-history":[{"count":6,"href":"https:\/\/hotelvangelder.nl\/de\/wp-json\/wp\/v2\/pages\/241\/revisions"}],"predecessor-version":[{"id":892,"href":"https:\/\/hotelvangelder.nl\/de\/wp-json\/wp\/v2\/pages\/241\/revisions\/892"}],"wp:attachment":[{"href":"https:\/\/hotelvangelder.nl\/de\/wp-json\/wp\/v2\/media?parent=241"}],"curies":[{"name":"wp","href":"https:\/\/api.w.org\/{rel}","templated":true}]}}