{"id":128,"date":"2016-11-14T15:02:49","date_gmt":"2016-11-14T14:02:49","guid":{"rendered":"http:\/\/hvg.blitskikker.nl\/wat-te-doen-2\/"},"modified":"2016-12-01T10:46:29","modified_gmt":"2016-12-01T09:46:29","slug":"sightseeing","status":"publish","type":"page","link":"https:\/\/hotelvangelder.nl\/de\/sightseeing\/","title":{"rendered":"Sightseeing"},"content":{"rendered":"<h2 class=\"p1\">Sightseeing<\/h2>\n<p class=\"p1\">Mit den malerischen Grachten, ihrer interessanten Geschichte und angesagten Kulturszene ist die niederl\u00e4ndische Hauptstadt ein einzigartiges Ziel f\u00fcr eine St\u00e4dtereise. Diese sind die Dinge die Sie unbedingt unternehmen sollten.<\/p>\n<ol>\n<li class=\"p1\"><a href=\"http:\/\/hvg.blitskikker.nl\/de\/things-to-do\/der-rijksmuseum\/\">Der Rijksmuseum<\/a><\/li>\n<li class=\"p1\"><a href=\"http:\/\/hvg.blitskikker.nl\/de\/things-to-do\/der-van-gogh-museum\/\">Der Van Gogh Museum<\/a><\/li>\n<li class=\"p1\"><a href=\"http:\/\/hvg.blitskikker.nl\/de\/things-to-do\/das-anne-frank-house\/\">Das Anne Frank House<\/a><\/li>\n<li class=\"p1\"><a href=\"http:\/\/hvg.blitskikker.nl\/de\/things-to-do\/die-negen-straatjes\/\">Die &#8218;Negen Straatjes&#8216; (einkaufen)<\/a><\/li>\n<li class=\"p1\"><a href=\"http:\/\/hvg.blitskikker.nl\/de\/things-to-do\/de-wallen\/\">De Wallen<\/a><\/li>\n<li class=\"p1\"><a href=\"http:\/\/hvg.blitskikker.nl\/de\/things-to-do\/das-kuenstlerviertel-jordaan\/\">Das K\u00fcnstlerviertel Jordaan<\/a><\/li>\n<li class=\"p1\"><a href=\"http:\/\/hvg.blitskikker.nl\/de\/things-to-do\/der-grachtenguertel\/\">Der Grachteng\u00fcrtel<\/a><\/li>\n<li class=\"p1\"><a href=\"http:\/\/hvg.blitskikker.nl\/de\/things-to-do\/der-albert-cuypmarkt\/\">Der Albert Cuypmarkt<\/a><\/li>\n<li class=\"p1\"><a href=\"http:\/\/hvg.blitskikker.nl\/de\/things-to-do\/der-vondelpark\/\">Der Vondelpark<\/a><\/li>\n<li class=\"p1\"><a href=\"http:\/\/hvg.blitskikker.nl\/de\/things-to-do\/leidseplein\/\">Leidse plein<\/a><\/li>\n<\/ol>\n<h2>Veranstaltungen<\/h2>\n<p>Das kulturelle Angebot dieser Stadt ist wirklich enorm gro\u00df. <a href=\"http:\/\/www.iamsterdam.com\/de\/besuchen\" target=\"_blank\">Hier<\/a>\u00a0finden Sie eine komplette \u00dcbersicht mit allen kulturellen Veranstaltungen, den besten Festivals, Night Life, Ausstellungen &amp; Events und praktische Besucherinformationen \u00fcber Hotels, Museen sowie Ausfl\u00fcge &amp; Attraktionen!<\/p>\n","protected":false},"excerpt":{"rendered":"<p>Sightseeing Mit den malerischen Grachten, ihrer interessanten Geschichte und angesagten Kulturszene ist die niederl\u00e4ndische Hauptstadt ein einzigartiges Ziel f\u00fcr eine St\u00e4dtereise. Diese sind die Dinge die Sie unbedingt unternehmen sollten. Der Rijksmuseum Der Van Gogh Museum Das Anne Frank House Die &#8218;Negen Straatjes&#8216; (einkaufen) De Wallen Das K\u00fcnstlerviertel Jordaan Der Grachteng\u00fcrtel Der Albert Cuypmarkt Der [&hellip;]<\/p>\n","protected":false},"author":1,"featured_media":29,"parent":0,"menu_order":0,"comment_status":"closed","ping_status":"closed","template":"todo.php","meta":{"_acf_changed":false,"footnotes":""},"class_list":["post-128","page","type-page","status-publish","has-post-thumbnail","hentry"],"acf":[],"yoast_head":"<!-- This site is optimized with the Yoast SEO plugin v26.8 - https:\/\/yoast.com\/product\/yoast-seo-wordpress\/ -->\n<title>Sightseeing | Hotel van Gelder<\/title>\n<meta name=\"robots\" content=\"index, follow, max-snippet:-1, max-image-preview:large, max-video-preview:-1\" \/>\n<link rel=\"canonical\" href=\"https:\/\/hotelvangelder.nl\/de\/sightseeing\/\" \/>\n<meta property=\"og:locale\" content=\"de_DE\" \/>\n<meta property=\"og:type\" content=\"article\" \/>\n<meta property=\"og:title\" content=\"Sightseeing | Hotel van Gelder\" \/>\n<meta property=\"og:description\" content=\"Sightseeing Mit den malerischen Grachten, ihrer interessanten Geschichte und angesagten Kulturszene ist die niederl\u00e4ndische Hauptstadt ein einzigartiges Ziel f\u00fcr eine St\u00e4dtereise. Diese sind die Dinge die Sie unbedingt unternehmen sollten. Der Rijksmuseum Der Van Gogh Museum Das Anne Frank House Die &#8218;Negen Straatjes&#8216; (einkaufen) De Wallen Das K\u00fcnstlerviertel Jordaan Der Grachteng\u00fcrtel Der Albert Cuypmarkt Der [&hellip;]\" \/>\n<meta property=\"og:url\" content=\"https:\/\/hotelvangelder.nl\/de\/sightseeing\/\" \/>\n<meta property=\"og:site_name\" content=\"Hotel van Gelder\" \/>\n<meta property=\"article:modified_time\" content=\"2016-12-01T09:46:29+00:00\" \/>\n<meta property=\"og:image\" content=\"https:\/\/hotelvangelder.nl\/wp-content\/uploads\/2016\/11\/damrak.jpg\" \/>\n\t<meta property=\"og:image:width\" content=\"2000\" \/>\n\t<meta property=\"og:image:height\" content=\"1000\" \/>\n\t<meta property=\"og:image:type\" content=\"image\/jpeg\" \/>\n<meta name=\"twitter:card\" content=\"summary_large_image\" \/>\n<meta name=\"twitter:label1\" content=\"Gesch\u00e4tzte Lesezeit\" \/>\n\t<meta name=\"twitter:data1\" content=\"1\u00a0Minute\" \/>\n<script type=\"application\/ld+json\" class=\"yoast-schema-graph\">{\"@context\":\"https:\/\/schema.org\",\"@graph\":[{\"@type\":\"WebPage\",\"@id\":\"https:\/\/hotelvangelder.nl\/de\/sightseeing\/\",\"url\":\"https:\/\/hotelvangelder.nl\/de\/sightseeing\/\",\"name\":\"Sightseeing | Hotel van Gelder\",\"isPartOf\":{\"@id\":\"https:\/\/hotelvangelder.nl\/#website\"},\"primaryImageOfPage\":{\"@id\":\"https:\/\/hotelvangelder.nl\/de\/sightseeing\/#primaryimage\"},\"image\":{\"@id\":\"https:\/\/hotelvangelder.nl\/de\/sightseeing\/#primaryimage\"},\"thumbnailUrl\":\"https:\/\/hotelvangelder.nl\/wp-content\/uploads\/2016\/11\/damrak.jpg\",\"datePublished\":\"2016-11-14T14:02:49+00:00\",\"dateModified\":\"2016-12-01T09:46:29+00:00\",\"breadcrumb\":{\"@id\":\"https:\/\/hotelvangelder.nl\/de\/sightseeing\/#breadcrumb\"},\"inLanguage\":\"de\",\"potentialAction\":[{\"@type\":\"ReadAction\",\"target\":[\"https:\/\/hotelvangelder.nl\/de\/sightseeing\/\"]}]},{\"@type\":\"ImageObject\",\"inLanguage\":\"de\",\"@id\":\"https:\/\/hotelvangelder.nl\/de\/sightseeing\/#primaryimage\",\"url\":\"https:\/\/hotelvangelder.nl\/wp-content\/uploads\/2016\/11\/damrak.jpg\",\"contentUrl\":\"https:\/\/hotelvangelder.nl\/wp-content\/uploads\/2016\/11\/damrak.jpg\",\"width\":2000,\"height\":1000},{\"@type\":\"BreadcrumbList\",\"@id\":\"https:\/\/hotelvangelder.nl\/de\/sightseeing\/#breadcrumb\",\"itemListElement\":[{\"@type\":\"ListItem\",\"position\":1,\"name\":\"Home\",\"item\":\"https:\/\/hotelvangelder.nl\/de\/\"},{\"@type\":\"ListItem\",\"position\":2,\"name\":\"Sightseeing\"}]},{\"@type\":\"WebSite\",\"@id\":\"https:\/\/hotelvangelder.nl\/#website\",\"url\":\"https:\/\/hotelvangelder.nl\/\",\"name\":\"Hotel van Gelder\",\"description\":\"En nog een WordPress site\",\"potentialAction\":[{\"@type\":\"SearchAction\",\"target\":{\"@type\":\"EntryPoint\",\"urlTemplate\":\"https:\/\/hotelvangelder.nl\/?s={search_term_string}\"},\"query-input\":{\"@type\":\"PropertyValueSpecification\",\"valueRequired\":true,\"valueName\":\"search_term_string\"}}],\"inLanguage\":\"de\"}]}<\/script>\n<!-- \/ Yoast SEO plugin. -->","yoast_head_json":{"title":"Sightseeing | Hotel van Gelder","robots":{"index":"index","follow":"follow","max-snippet":"max-snippet:-1","max-image-preview":"max-image-preview:large","max-video-preview":"max-video-preview:-1"},"canonical":"https:\/\/hotelvangelder.nl\/de\/sightseeing\/","og_locale":"de_DE","og_type":"article","og_title":"Sightseeing | Hotel van Gelder","og_description":"Sightseeing Mit den malerischen Grachten, ihrer interessanten Geschichte und angesagten Kulturszene ist die niederl\u00e4ndische Hauptstadt ein einzigartiges Ziel f\u00fcr eine St\u00e4dtereise. Diese sind die Dinge die Sie unbedingt unternehmen sollten. Der Rijksmuseum Der Van Gogh Museum Das Anne Frank House Die &#8218;Negen Straatjes&#8216; (einkaufen) De Wallen Das K\u00fcnstlerviertel Jordaan Der Grachteng\u00fcrtel Der Albert Cuypmarkt Der [&hellip;]","og_url":"https:\/\/hotelvangelder.nl\/de\/sightseeing\/","og_site_name":"Hotel van Gelder","article_modified_time":"2016-12-01T09:46:29+00:00","og_image":[{"width":2000,"height":1000,"url":"https:\/\/hotelvangelder.nl\/wp-content\/uploads\/2016\/11\/damrak.jpg","type":"image\/jpeg"}],"twitter_card":"summary_large_image","twitter_misc":{"Gesch\u00e4tzte Lesezeit":"1\u00a0Minute"},"schema":{"@context":"https:\/\/schema.org","@graph":[{"@type":"WebPage","@id":"https:\/\/hotelvangelder.nl\/de\/sightseeing\/","url":"https:\/\/hotelvangelder.nl\/de\/sightseeing\/","name":"Sightseeing | Hotel van Gelder","isPartOf":{"@id":"https:\/\/hotelvangelder.nl\/#website"},"primaryImageOfPage":{"@id":"https:\/\/hotelvangelder.nl\/de\/sightseeing\/#primaryimage"},"image":{"@id":"https:\/\/hotelvangelder.nl\/de\/sightseeing\/#primaryimage"},"thumbnailUrl":"https:\/\/hotelvangelder.nl\/wp-content\/uploads\/2016\/11\/damrak.jpg","datePublished":"2016-11-14T14:02:49+00:00","dateModified":"2016-12-01T09:46:29+00:00","breadcrumb":{"@id":"https:\/\/hotelvangelder.nl\/de\/sightseeing\/#breadcrumb"},"inLanguage":"de","potentialAction":[{"@type":"ReadAction","target":["https:\/\/hotelvangelder.nl\/de\/sightseeing\/"]}]},{"@type":"ImageObject","inLanguage":"de","@id":"https:\/\/hotelvangelder.nl\/de\/sightseeing\/#primaryimage","url":"https:\/\/hotelvangelder.nl\/wp-content\/uploads\/2016\/11\/damrak.jpg","contentUrl":"https:\/\/hotelvangelder.nl\/wp-content\/uploads\/2016\/11\/damrak.jpg","width":2000,"height":1000},{"@type":"BreadcrumbList","@id":"https:\/\/hotelvangelder.nl\/de\/sightseeing\/#breadcrumb","itemListElement":[{"@type":"ListItem","position":1,"name":"Home","item":"https:\/\/hotelvangelder.nl\/de\/"},{"@type":"ListItem","position":2,"name":"Sightseeing"}]},{"@type":"WebSite","@id":"https:\/\/hotelvangelder.nl\/#website","url":"https:\/\/hotelvangelder.nl\/","name":"Hotel van Gelder","description":"En nog een WordPress site","potentialAction":[{"@type":"SearchAction","target":{"@type":"EntryPoint","urlTemplate":"https:\/\/hotelvangelder.nl\/?s={search_term_string}"},"query-input":{"@type":"PropertyValueSpecification","valueRequired":true,"valueName":"search_term_string"}}],"inLanguage":"de"}]}},"_links":{"self":[{"href":"https:\/\/hotelvangelder.nl\/de\/wp-json\/wp\/v2\/pages\/128","targetHints":{"allow":["GET"]}}],"collection":[{"href":"https:\/\/hotelvangelder.nl\/de\/wp-json\/wp\/v2\/pages"}],"about":[{"href":"https:\/\/hotelvangelder.nl\/de\/wp-json\/wp\/v2\/types\/page"}],"author":[{"embeddable":true,"href":"https:\/\/hotelvangelder.nl\/de\/wp-json\/wp\/v2\/users\/1"}],"replies":[{"embeddable":true,"href":"https:\/\/hotelvangelder.nl\/de\/wp-json\/wp\/v2\/comments?post=128"}],"version-history":[{"count":8,"href":"https:\/\/hotelvangelder.nl\/de\/wp-json\/wp\/v2\/pages\/128\/revisions"}],"predecessor-version":[{"id":349,"href":"https:\/\/hotelvangelder.nl\/de\/wp-json\/wp\/v2\/pages\/128\/revisions\/349"}],"wp:featuredmedia":[{"embeddable":true,"href":"https:\/\/hotelvangelder.nl\/de\/wp-json\/wp\/v2\/media\/29"}],"wp:attachment":[{"href":"https:\/\/hotelvangelder.nl\/de\/wp-json\/wp\/v2\/media?parent=128"}],"curies":[{"name":"wp","href":"https:\/\/api.w.org\/{rel}","templated":true}]}}