{"id":119,"date":"2016-11-25T11:46:39","date_gmt":"2016-11-25T10:46:39","guid":{"rendered":"http:\/\/hvg.blitskikker.nl\/?page_id=119"},"modified":"2016-11-25T11:46:39","modified_gmt":"2016-11-25T10:46:39","slug":"haftung","status":"publish","type":"page","link":"https:\/\/hotelvangelder.nl\/de\/haftung\/","title":{"rendered":"Haftung"},"content":{"rendered":"<p>Die Hotel van Gelder Website wurde mit gr\u00f6\u00dfter Sorgfalt erstellt. Hotel van Gelder kann Informationen zum Hotel jederzeit ab\u00e4ndern, z.B. Preise und Verf\u00fcgbarkeit. Wir k\u00f6nnen deshalb nicht garantieren, dass s\u00e4mtliche Informationen korrekt und fehlerfrei sind und nicht f\u00fcr Fehler oder Inkorrektheiten der gegebenen Informationen zur Verantwortung gezogen werden. Sie sollten daher immer die gegebenen Informationen pr\u00fcfen, bevor Sie auf Basis dieser Informationen handeln.<\/p>\n<p>Wenn nicht anders erw\u00e4hnt, ist das Urheberrecht f\u00fcr das Material auf dieser Website das Urheberrecht des Hotel van Gelder. Die Website ist f\u00fcr Ihre pers\u00f6nliche und nichtkommerzielle Nutzung da. Es ist verboten, irgendeinen Inhalt, Illustrationen oder Services auf dieser Website zu \u00e4ndern, zu kopieren, zu versenden, zu verkaufen oder zu publizieren.<\/p>\n<p>Hotel van Gelder B.V. ist ein in den Niederlanden registriertes Unternehmen. Unsere Services unterliegen niederl\u00e4ndischem Recht.<\/p>\n","protected":false},"excerpt":{"rendered":"<p>Die Hotel van Gelder Website wurde mit gr\u00f6\u00dfter Sorgfalt erstellt. Hotel van Gelder kann Informationen zum Hotel jederzeit ab\u00e4ndern, z.B. Preise und Verf\u00fcgbarkeit. Wir k\u00f6nnen deshalb nicht garantieren, dass s\u00e4mtliche Informationen korrekt und fehlerfrei sind und nicht f\u00fcr Fehler oder Inkorrektheiten der gegebenen Informationen zur Verantwortung gezogen werden. Sie sollten daher immer die gegebenen Informationen [&hellip;]<\/p>\n","protected":false},"author":1,"featured_media":0,"parent":0,"menu_order":0,"comment_status":"closed","ping_status":"closed","template":"","meta":{"_acf_changed":false,"footnotes":""},"class_list":["post-119","page","type-page","status-publish","hentry"],"acf":[],"yoast_head":"<!-- This site is optimized with the Yoast SEO plugin v26.8 - https:\/\/yoast.com\/product\/yoast-seo-wordpress\/ -->\n<title>Haftung | Hotel van Gelder<\/title>\n<meta name=\"robots\" content=\"index, follow, max-snippet:-1, max-image-preview:large, max-video-preview:-1\" \/>\n<link rel=\"canonical\" href=\"https:\/\/hotelvangelder.nl\/de\/haftung\/\" \/>\n<meta property=\"og:locale\" content=\"de_DE\" \/>\n<meta property=\"og:type\" content=\"article\" \/>\n<meta property=\"og:title\" content=\"Haftung | Hotel van Gelder\" \/>\n<meta property=\"og:description\" content=\"Die Hotel van Gelder Website wurde mit gr\u00f6\u00dfter Sorgfalt erstellt. Hotel van Gelder kann Informationen zum Hotel jederzeit ab\u00e4ndern, z.B. Preise und Verf\u00fcgbarkeit. Wir k\u00f6nnen deshalb nicht garantieren, dass s\u00e4mtliche Informationen korrekt und fehlerfrei sind und nicht f\u00fcr Fehler oder Inkorrektheiten der gegebenen Informationen zur Verantwortung gezogen werden. Sie sollten daher immer die gegebenen Informationen [&hellip;]\" \/>\n<meta property=\"og:url\" content=\"https:\/\/hotelvangelder.nl\/de\/haftung\/\" \/>\n<meta property=\"og:site_name\" content=\"Hotel van Gelder\" \/>\n<meta name=\"twitter:card\" content=\"summary_large_image\" \/>\n<meta name=\"twitter:label1\" content=\"Gesch\u00e4tzte Lesezeit\" \/>\n\t<meta name=\"twitter:data1\" content=\"1\u00a0Minute\" \/>\n<script type=\"application\/ld+json\" class=\"yoast-schema-graph\">{\"@context\":\"https:\/\/schema.org\",\"@graph\":[{\"@type\":\"WebPage\",\"@id\":\"https:\/\/hotelvangelder.nl\/de\/haftung\/\",\"url\":\"https:\/\/hotelvangelder.nl\/de\/haftung\/\",\"name\":\"Haftung | Hotel van Gelder\",\"isPartOf\":{\"@id\":\"https:\/\/hotelvangelder.nl\/#website\"},\"datePublished\":\"2016-11-25T10:46:39+00:00\",\"breadcrumb\":{\"@id\":\"https:\/\/hotelvangelder.nl\/de\/haftung\/#breadcrumb\"},\"inLanguage\":\"de\",\"potentialAction\":[{\"@type\":\"ReadAction\",\"target\":[\"https:\/\/hotelvangelder.nl\/de\/haftung\/\"]}]},{\"@type\":\"BreadcrumbList\",\"@id\":\"https:\/\/hotelvangelder.nl\/de\/haftung\/#breadcrumb\",\"itemListElement\":[{\"@type\":\"ListItem\",\"position\":1,\"name\":\"Home\",\"item\":\"https:\/\/hotelvangelder.nl\/de\/\"},{\"@type\":\"ListItem\",\"position\":2,\"name\":\"Haftung\"}]},{\"@type\":\"WebSite\",\"@id\":\"https:\/\/hotelvangelder.nl\/#website\",\"url\":\"https:\/\/hotelvangelder.nl\/\",\"name\":\"Hotel van Gelder\",\"description\":\"En nog een WordPress site\",\"potentialAction\":[{\"@type\":\"SearchAction\",\"target\":{\"@type\":\"EntryPoint\",\"urlTemplate\":\"https:\/\/hotelvangelder.nl\/?s={search_term_string}\"},\"query-input\":{\"@type\":\"PropertyValueSpecification\",\"valueRequired\":true,\"valueName\":\"search_term_string\"}}],\"inLanguage\":\"de\"}]}<\/script>\n<!-- \/ Yoast SEO plugin. -->","yoast_head_json":{"title":"Haftung | Hotel van Gelder","robots":{"index":"index","follow":"follow","max-snippet":"max-snippet:-1","max-image-preview":"max-image-preview:large","max-video-preview":"max-video-preview:-1"},"canonical":"https:\/\/hotelvangelder.nl\/de\/haftung\/","og_locale":"de_DE","og_type":"article","og_title":"Haftung | Hotel van Gelder","og_description":"Die Hotel van Gelder Website wurde mit gr\u00f6\u00dfter Sorgfalt erstellt. Hotel van Gelder kann Informationen zum Hotel jederzeit ab\u00e4ndern, z.B. Preise und Verf\u00fcgbarkeit. Wir k\u00f6nnen deshalb nicht garantieren, dass s\u00e4mtliche Informationen korrekt und fehlerfrei sind und nicht f\u00fcr Fehler oder Inkorrektheiten der gegebenen Informationen zur Verantwortung gezogen werden. Sie sollten daher immer die gegebenen Informationen [&hellip;]","og_url":"https:\/\/hotelvangelder.nl\/de\/haftung\/","og_site_name":"Hotel van Gelder","twitter_card":"summary_large_image","twitter_misc":{"Gesch\u00e4tzte Lesezeit":"1\u00a0Minute"},"schema":{"@context":"https:\/\/schema.org","@graph":[{"@type":"WebPage","@id":"https:\/\/hotelvangelder.nl\/de\/haftung\/","url":"https:\/\/hotelvangelder.nl\/de\/haftung\/","name":"Haftung | Hotel van Gelder","isPartOf":{"@id":"https:\/\/hotelvangelder.nl\/#website"},"datePublished":"2016-11-25T10:46:39+00:00","breadcrumb":{"@id":"https:\/\/hotelvangelder.nl\/de\/haftung\/#breadcrumb"},"inLanguage":"de","potentialAction":[{"@type":"ReadAction","target":["https:\/\/hotelvangelder.nl\/de\/haftung\/"]}]},{"@type":"BreadcrumbList","@id":"https:\/\/hotelvangelder.nl\/de\/haftung\/#breadcrumb","itemListElement":[{"@type":"ListItem","position":1,"name":"Home","item":"https:\/\/hotelvangelder.nl\/de\/"},{"@type":"ListItem","position":2,"name":"Haftung"}]},{"@type":"WebSite","@id":"https:\/\/hotelvangelder.nl\/#website","url":"https:\/\/hotelvangelder.nl\/","name":"Hotel van Gelder","description":"En nog een WordPress site","potentialAction":[{"@type":"SearchAction","target":{"@type":"EntryPoint","urlTemplate":"https:\/\/hotelvangelder.nl\/?s={search_term_string}"},"query-input":{"@type":"PropertyValueSpecification","valueRequired":true,"valueName":"search_term_string"}}],"inLanguage":"de"}]}},"_links":{"self":[{"href":"https:\/\/hotelvangelder.nl\/de\/wp-json\/wp\/v2\/pages\/119","targetHints":{"allow":["GET"]}}],"collection":[{"href":"https:\/\/hotelvangelder.nl\/de\/wp-json\/wp\/v2\/pages"}],"about":[{"href":"https:\/\/hotelvangelder.nl\/de\/wp-json\/wp\/v2\/types\/page"}],"author":[{"embeddable":true,"href":"https:\/\/hotelvangelder.nl\/de\/wp-json\/wp\/v2\/users\/1"}],"replies":[{"embeddable":true,"href":"https:\/\/hotelvangelder.nl\/de\/wp-json\/wp\/v2\/comments?post=119"}],"version-history":[{"count":1,"href":"https:\/\/hotelvangelder.nl\/de\/wp-json\/wp\/v2\/pages\/119\/revisions"}],"predecessor-version":[{"id":120,"href":"https:\/\/hotelvangelder.nl\/de\/wp-json\/wp\/v2\/pages\/119\/revisions\/120"}],"wp:attachment":[{"href":"https:\/\/hotelvangelder.nl\/de\/wp-json\/wp\/v2\/media?parent=119"}],"curies":[{"name":"wp","href":"https:\/\/api.w.org\/{rel}","templated":true}]}}